{"id":918,"date":"2024-03-16T22:15:23","date_gmt":"2024-03-17T01:15:23","guid":{"rendered":"https:\/\/sergiodamaso.com.br\/?page_id=918"},"modified":"2024-03-16T22:15:24","modified_gmt":"2024-03-17T01:15:24","slug":"folia-dos-reis","status":"publish","type":"page","link":"https:\/\/sergiodamaso.com.br\/index.php\/folia-dos-reis\/","title":{"rendered":"FOLIA DOS REIS"},"content":{"rendered":"\n<figure class=\"wp-block-audio\"><audio controls src=\"https:\/\/sergiodamaso.com.br\/wp-content\/uploads\/2024\/03\/folia-dos-reis.mp3\"><\/audio><\/figure>\n\n\n\n<p><strong><em>Mongol &amp; S\u00e9rgio D\u00e2maso<\/em><\/strong><\/p>\n\n\n\n<p>Folia folia dos Reis<br>bate os tambores de couro<br>roda saia de renda<br>prenda e aprenda.<br><br><\/p>\n\n\n\n<p>A folia folia dos Reis<br>os tr\u00eas Reis Magos deram<br>ouro incenso e mirra<br>pra Ele agradar.<\/p>\n\n\n\n<p>Bate bate chocalho<br>preso nos p\u00e9s na ladeira<br>mostre esta bandeira<br>do Divino Esp\u00edrito Santo.<\/p>\n\n\n\n<p>Folia folia dos reis,<br>estou vendo da janela<br>gravando e cantando<br>ouro, incenso e mirra.<\/p>\n\n\n\n<p>Reluz azul e branco<br>e vermelho na roda<br>roda balan\u00e7a e dan\u00e7a<br>na festa, festa do Divino.<\/p>\n","protected":false},"excerpt":{"rendered":"<p>Mongol &amp; S\u00e9rgio D\u00e2maso Folia folia dos Reisbate os tambores de couroroda saia de rendaprenda e aprenda. A folia folia dos Reisos tr\u00eas Reis Magos deramouro incenso e mirrapra Ele agradar. Bate bate chocalhopreso nos p\u00e9s na ladeiramostre esta bandeirado Divino Esp\u00edrito Santo. Folia folia dos reis,estou vendo da janelagravando e cantandoouro, incenso e mirra. [&hellip;]<\/p>\n","protected":false},"author":1,"featured_media":0,"parent":0,"menu_order":0,"comment_status":"closed","ping_status":"closed","template":"","meta":[],"_links":{"self":[{"href":"https:\/\/sergiodamaso.com.br\/index.php\/wp-json\/wp\/v2\/pages\/918"}],"collection":[{"href":"https:\/\/sergiodamaso.com.br\/index.php\/wp-json\/wp\/v2\/pages"}],"about":[{"href":"https:\/\/sergiodamaso.com.br\/index.php\/wp-json\/wp\/v2\/types\/page"}],"author":[{"embeddable":true,"href":"https:\/\/sergiodamaso.com.br\/index.php\/wp-json\/wp\/v2\/users\/1"}],"replies":[{"embeddable":true,"href":"https:\/\/sergiodamaso.com.br\/index.php\/wp-json\/wp\/v2\/comments?post=918"}],"version-history":[{"count":1,"href":"https:\/\/sergiodamaso.com.br\/index.php\/wp-json\/wp\/v2\/pages\/918\/revisions"}],"predecessor-version":[{"id":920,"href":"https:\/\/sergiodamaso.com.br\/index.php\/wp-json\/wp\/v2\/pages\/918\/revisions\/920"}],"wp:attachment":[{"href":"https:\/\/sergiodamaso.com.br\/index.php\/wp-json\/wp\/v2\/media?parent=918"}],"curies":[{"name":"wp","href":"https:\/\/api.w.org\/{rel}","templated":true}]}}