{"id":881,"date":"2024-03-14T16:02:36","date_gmt":"2024-03-14T19:02:36","guid":{"rendered":"https:\/\/sergiodamaso.com.br\/?page_id=881"},"modified":"2024-03-17T01:12:21","modified_gmt":"2024-03-17T04:12:21","slug":"voce-foi-um-presente","status":"publish","type":"page","link":"https:\/\/sergiodamaso.com.br\/index.php\/voce-foi-um-presente\/","title":{"rendered":"VOC\u00ca FOI UM PRESENTE"},"content":{"rendered":"\n<figure class=\"wp-block-audio\"><audio controls src=\"https:\/\/sergiodamaso.com.br\/wp-content\/uploads\/2024\/03\/voce-foi-um-presente.mp3\"><\/audio><\/figure>\n\n\n\n<p><strong><em>Mongol &amp; S\u00e9rgio D\u00e2maso<\/em><\/strong><\/p>\n\n\n\n<p>Ver voc\u00ea foi um presente<br>chegou sem eu saber<br>esperar imaginar<br>que era voc\u00ea nem pensar.<\/p>\n\n\n\n<p>Foi como a luz<br>incendiou iluminou<br>meu candeeiro parceiro<br>das noites t\u00e3o frias<\/p>\n\n\n\n<p>dif\u00edcil de acreditar.<br><br><\/p>\n\n\n\n<p>O que senti ao te ver<br>foi mais que demais pra mim<\/p>\n\n\n\n<p>hoje me atrevo a dizer<\/p>\n\n\n\n<p>me fez crer mais voc\u00ea.<br><br><\/p>\n\n\n\n<p>Perto de mim sua beleza<\/p>\n\n\n\n<p>quero n\u00e3o v\u00e1 sua leveza me fez pensar<\/p>\n\n\n\n<p>doce mist\u00e9rio quanto desejo<br>quanto espero.<\/p>\n\n\n\n<p>Dif\u00edcil acreditar o que senti<br>ao te ver foi mais que demais pra mim<\/p>\n\n\n\n<p>me fez crer mais voc\u00ea.<\/p>\n","protected":false},"excerpt":{"rendered":"<p>Mongol &amp; S\u00e9rgio D\u00e2maso Ver voc\u00ea foi um presentechegou sem eu saberesperar imaginarque era voc\u00ea nem pensar. Foi como a luzincendiou iluminoumeu candeeiro parceirodas noites t\u00e3o frias dif\u00edcil de acreditar. O que senti ao te verfoi mais que demais pra mim hoje me atrevo a dizer me fez crer mais voc\u00ea. Perto de mim sua [&hellip;]<\/p>\n","protected":false},"author":1,"featured_media":0,"parent":0,"menu_order":0,"comment_status":"closed","ping_status":"closed","template":"","meta":[],"_links":{"self":[{"href":"https:\/\/sergiodamaso.com.br\/index.php\/wp-json\/wp\/v2\/pages\/881"}],"collection":[{"href":"https:\/\/sergiodamaso.com.br\/index.php\/wp-json\/wp\/v2\/pages"}],"about":[{"href":"https:\/\/sergiodamaso.com.br\/index.php\/wp-json\/wp\/v2\/types\/page"}],"author":[{"embeddable":true,"href":"https:\/\/sergiodamaso.com.br\/index.php\/wp-json\/wp\/v2\/users\/1"}],"replies":[{"embeddable":true,"href":"https:\/\/sergiodamaso.com.br\/index.php\/wp-json\/wp\/v2\/comments?post=881"}],"version-history":[{"count":1,"href":"https:\/\/sergiodamaso.com.br\/index.php\/wp-json\/wp\/v2\/pages\/881\/revisions"}],"predecessor-version":[{"id":883,"href":"https:\/\/sergiodamaso.com.br\/index.php\/wp-json\/wp\/v2\/pages\/881\/revisions\/883"}],"wp:attachment":[{"href":"https:\/\/sergiodamaso.com.br\/index.php\/wp-json\/wp\/v2\/media?parent=881"}],"curies":[{"name":"wp","href":"https:\/\/api.w.org\/{rel}","templated":true}]}}