{"id":878,"date":"2024-03-14T15:59:38","date_gmt":"2024-03-14T18:59:38","guid":{"rendered":"https:\/\/sergiodamaso.com.br\/?page_id=878"},"modified":"2024-03-14T15:59:38","modified_gmt":"2024-03-14T18:59:38","slug":"se-apertar-o-spray","status":"publish","type":"page","link":"https:\/\/sergiodamaso.com.br\/index.php\/se-apertar-o-spray\/","title":{"rendered":"SE APERTAR O SPRAY"},"content":{"rendered":"\n<figure class=\"wp-block-audio\"><audio controls src=\"https:\/\/sergiodamaso.com.br\/wp-content\/uploads\/2024\/03\/se-apertar-o-spray.mp3\"><\/audio><\/figure>\n\n\n\n<p><strong><em>Mongol &amp; S\u00e9rgio D\u00e2maso<\/em><\/strong><\/p>\n\n\n\n<p>Se apertar o spray vai refrescar<\/p>\n\n\n\n<p>o ar nos seus bra\u00e7os vou voar eu vou<\/p>\n\n\n\n<p>meu bem nos seus bra\u00e7os eu vou.<\/p>\n\n\n\n<p>Se apertar o papel ir\u00e1 queimar<\/p>\n\n\n\n<p>o ar no seu corpo vou pular eu vou<\/p>\n\n\n\n<p>meu bem no seu corpo eu vou.<\/p>\n\n\n\n<p>N\u00e3o tem nada n\u00e3o<\/p>\n\n\n\n<p>que me desgrude de voc\u00ea<\/p>\n\n\n\n<p>n\u00e3o tem nada n\u00e3o<\/p>\n\n\n\n<p>que me separe de voc\u00ea.<\/p>\n\n\n\n<p>Se me apertar devagar o bicho vai pegar<\/p>\n\n\n\n<p>at\u00e9 o dia amanhecer e a\u00ed vai rolar.<\/p>\n\n\n\n<p>Meu cheiro meu bem<\/p>\n\n\n\n<p>meu beijo meu bem<\/p>\n\n\n\n<p>cheio de emo\u00e7\u00e3o e perdi\u00e7\u00e3o.<\/p>\n","protected":false},"excerpt":{"rendered":"<p>Mongol &amp; S\u00e9rgio D\u00e2maso Se apertar o spray vai refrescar o ar nos seus bra\u00e7os vou voar eu vou meu bem nos seus bra\u00e7os eu vou. Se apertar o papel ir\u00e1 queimar o ar no seu corpo vou pular eu vou meu bem no seu corpo eu vou. N\u00e3o tem nada n\u00e3o que me desgrude [&hellip;]<\/p>\n","protected":false},"author":1,"featured_media":0,"parent":0,"menu_order":0,"comment_status":"closed","ping_status":"closed","template":"","meta":[],"_links":{"self":[{"href":"https:\/\/sergiodamaso.com.br\/index.php\/wp-json\/wp\/v2\/pages\/878"}],"collection":[{"href":"https:\/\/sergiodamaso.com.br\/index.php\/wp-json\/wp\/v2\/pages"}],"about":[{"href":"https:\/\/sergiodamaso.com.br\/index.php\/wp-json\/wp\/v2\/types\/page"}],"author":[{"embeddable":true,"href":"https:\/\/sergiodamaso.com.br\/index.php\/wp-json\/wp\/v2\/users\/1"}],"replies":[{"embeddable":true,"href":"https:\/\/sergiodamaso.com.br\/index.php\/wp-json\/wp\/v2\/comments?post=878"}],"version-history":[{"count":1,"href":"https:\/\/sergiodamaso.com.br\/index.php\/wp-json\/wp\/v2\/pages\/878\/revisions"}],"predecessor-version":[{"id":880,"href":"https:\/\/sergiodamaso.com.br\/index.php\/wp-json\/wp\/v2\/pages\/878\/revisions\/880"}],"wp:attachment":[{"href":"https:\/\/sergiodamaso.com.br\/index.php\/wp-json\/wp\/v2\/media?parent=878"}],"curies":[{"name":"wp","href":"https:\/\/api.w.org\/{rel}","templated":true}]}}