{"id":875,"date":"2024-03-14T15:57:13","date_gmt":"2024-03-14T18:57:13","guid":{"rendered":"https:\/\/sergiodamaso.com.br\/?page_id=875"},"modified":"2024-03-14T15:57:13","modified_gmt":"2024-03-14T18:57:13","slug":"nao-se-aperreie","status":"publish","type":"page","link":"https:\/\/sergiodamaso.com.br\/index.php\/nao-se-aperreie\/","title":{"rendered":"N\u00c3O SE APERREIE"},"content":{"rendered":"\n<figure class=\"wp-block-audio\"><audio controls src=\"https:\/\/sergiodamaso.com.br\/wp-content\/uploads\/2024\/03\/nao-se-aperreie.mp3\"><\/audio><\/figure>\n\n\n\n<p><strong><em>Mongol &amp; S\u00e9rgio D\u00e2maso<\/em><\/strong><\/p>\n\n\n\n<p>Ai meu bem n\u00e3o se aperreie<\/p>\n\n\n\n<p>chega mais pode colar em mim<\/p>\n\n\n\n<p>pode fazer um bate-coxa<\/p>\n\n\n\n<p>pode colar e n\u00e3o descolar.<\/p>\n\n\n\n<p>Em mim ent\u00e3o n\u00e3o sei<\/p>\n\n\n\n<p>o que pode at\u00e9 acontecer<\/p>\n\n\n\n<p>se eu grudar em voc\u00ea<\/p>\n\n\n\n<p>at\u00e9 meu suor secar.<\/p>\n","protected":false},"excerpt":{"rendered":"<p>Mongol &amp; S\u00e9rgio D\u00e2maso Ai meu bem n\u00e3o se aperreie chega mais pode colar em mim pode fazer um bate-coxa pode colar e n\u00e3o descolar. Em mim ent\u00e3o n\u00e3o sei o que pode at\u00e9 acontecer se eu grudar em voc\u00ea at\u00e9 meu suor secar.<\/p>\n","protected":false},"author":1,"featured_media":0,"parent":0,"menu_order":0,"comment_status":"closed","ping_status":"closed","template":"","meta":[],"_links":{"self":[{"href":"https:\/\/sergiodamaso.com.br\/index.php\/wp-json\/wp\/v2\/pages\/875"}],"collection":[{"href":"https:\/\/sergiodamaso.com.br\/index.php\/wp-json\/wp\/v2\/pages"}],"about":[{"href":"https:\/\/sergiodamaso.com.br\/index.php\/wp-json\/wp\/v2\/types\/page"}],"author":[{"embeddable":true,"href":"https:\/\/sergiodamaso.com.br\/index.php\/wp-json\/wp\/v2\/users\/1"}],"replies":[{"embeddable":true,"href":"https:\/\/sergiodamaso.com.br\/index.php\/wp-json\/wp\/v2\/comments?post=875"}],"version-history":[{"count":1,"href":"https:\/\/sergiodamaso.com.br\/index.php\/wp-json\/wp\/v2\/pages\/875\/revisions"}],"predecessor-version":[{"id":877,"href":"https:\/\/sergiodamaso.com.br\/index.php\/wp-json\/wp\/v2\/pages\/875\/revisions\/877"}],"wp:attachment":[{"href":"https:\/\/sergiodamaso.com.br\/index.php\/wp-json\/wp\/v2\/media?parent=875"}],"curies":[{"name":"wp","href":"https:\/\/api.w.org\/{rel}","templated":true}]}}