{"id":872,"date":"2024-03-14T15:54:51","date_gmt":"2024-03-14T18:54:51","guid":{"rendered":"https:\/\/sergiodamaso.com.br\/?page_id=872"},"modified":"2024-03-14T15:54:52","modified_gmt":"2024-03-14T18:54:52","slug":"cuba","status":"publish","type":"page","link":"https:\/\/sergiodamaso.com.br\/index.php\/cuba\/","title":{"rendered":"CUBA"},"content":{"rendered":"\n<figure class=\"wp-block-audio\"><audio controls src=\"https:\/\/sergiodamaso.com.br\/wp-content\/uploads\/2024\/03\/cuba.mp3\"><\/audio><\/figure>\n\n\n\n<p><strong><em>Mongol &amp; S\u00e9rgio D\u00e2maso<\/em><\/strong><\/p>\n\n\n\n<p>Cuba Cuba Cuba ilha<br>brilha canta<br>depois de tanto tempo<br>bons ventos v\u00e3o te levar.<\/p>\n\n\n\n<p>Cuba Cuba Cuba<br>el caribe sol y mar<br>buena vista social club.<\/p>\n\n\n\n<p>Cuba Cuba Cuba livre<br>voa d\u2019um passado distante<br>canta seu canto<br>castro fiel castrado.<\/p>\n\n\n\n<p>Cuba Cuba Cuba libre<br>lim\u00e3o e pepsi cola<br>agora veem no futuro.<\/p>\n\n\n\n<p>Livre los hermanos<br>sem bote ao mar<br>a sorrir e a cantar<br>cuba libre Cuba livre.<\/p>\n","protected":false},"excerpt":{"rendered":"<p>Mongol &amp; S\u00e9rgio D\u00e2maso Cuba Cuba Cuba ilhabrilha cantadepois de tanto tempobons ventos v\u00e3o te levar. Cuba Cuba Cubael caribe sol y marbuena vista social club. Cuba Cuba Cuba livrevoa d\u2019um passado distantecanta seu cantocastro fiel castrado. Cuba Cuba Cuba librelim\u00e3o e pepsi colaagora veem no futuro. Livre los hermanossem bote ao mara sorrir e [&hellip;]<\/p>\n","protected":false},"author":1,"featured_media":0,"parent":0,"menu_order":0,"comment_status":"closed","ping_status":"closed","template":"","meta":[],"_links":{"self":[{"href":"https:\/\/sergiodamaso.com.br\/index.php\/wp-json\/wp\/v2\/pages\/872"}],"collection":[{"href":"https:\/\/sergiodamaso.com.br\/index.php\/wp-json\/wp\/v2\/pages"}],"about":[{"href":"https:\/\/sergiodamaso.com.br\/index.php\/wp-json\/wp\/v2\/types\/page"}],"author":[{"embeddable":true,"href":"https:\/\/sergiodamaso.com.br\/index.php\/wp-json\/wp\/v2\/users\/1"}],"replies":[{"embeddable":true,"href":"https:\/\/sergiodamaso.com.br\/index.php\/wp-json\/wp\/v2\/comments?post=872"}],"version-history":[{"count":1,"href":"https:\/\/sergiodamaso.com.br\/index.php\/wp-json\/wp\/v2\/pages\/872\/revisions"}],"predecessor-version":[{"id":874,"href":"https:\/\/sergiodamaso.com.br\/index.php\/wp-json\/wp\/v2\/pages\/872\/revisions\/874"}],"wp:attachment":[{"href":"https:\/\/sergiodamaso.com.br\/index.php\/wp-json\/wp\/v2\/media?parent=872"}],"curies":[{"name":"wp","href":"https:\/\/api.w.org\/{rel}","templated":true}]}}