{"id":869,"date":"2024-03-14T15:52:48","date_gmt":"2024-03-14T18:52:48","guid":{"rendered":"https:\/\/sergiodamaso.com.br\/?page_id=869"},"modified":"2024-03-14T15:52:48","modified_gmt":"2024-03-14T18:52:48","slug":"cores-de-abril","status":"publish","type":"page","link":"https:\/\/sergiodamaso.com.br\/index.php\/cores-de-abril\/","title":{"rendered":"CORES DE ABRIL"},"content":{"rendered":"\n<figure class=\"wp-block-audio\"><audio controls src=\"https:\/\/sergiodamaso.com.br\/wp-content\/uploads\/2024\/03\/cores-de-abril.mp3\"><\/audio><\/figure>\n\n\n\n<p><strong><em>Mongol &amp; S\u00e9rgio D\u00e2maso<\/em><\/strong><\/p>\n\n\n\n<p>As suas cores de abril de abril<\/p>\n\n\n\n<p>marcaram para sempre quando voc\u00ea surgiu<\/p>\n\n\n\n<p>mais r\u00e1pido de que de repente<\/p>\n\n\n\n<p>t\u00e3o forte que um raio<\/p>\n\n\n\n<p>penetrou meu cora\u00e7\u00e3o<\/p>\n\n\n\n<p>sem saber como sair.<\/p>\n\n\n\n<p>Das suas dores de abril de abril<\/p>\n\n\n\n<p>um arco-\u00edris descoloriu no peito<\/p>\n\n\n\n<p>que dor \u00e9 essa que destr\u00f3i<\/p>\n\n\n\n<p>que cor que corr\u00f3i<\/p>\n\n\n\n<p>que for\u00e7a que sufoca<\/p>\n\n\n\n<p>e n\u00e3o me deixa viver.<\/p>\n\n\n\n<p>Algu\u00e9m me diga por favor<\/p>\n\n\n\n<p>se os olhos devem ser assim<\/p>\n\n\n\n<p>se \u00e9 vermelho sangue nas minhas veias<\/p>\n\n\n\n<p>perdi a minha dire\u00e7\u00e3o<\/p>\n\n\n\n<p>errante sem eira nem beira<\/p>\n\n\n\n<p>s\u00f3 sei que tem que ter voc\u00ea.<\/p>\n","protected":false},"excerpt":{"rendered":"<p>Mongol &amp; S\u00e9rgio D\u00e2maso As suas cores de abril de abril marcaram para sempre quando voc\u00ea surgiu mais r\u00e1pido de que de repente t\u00e3o forte que um raio penetrou meu cora\u00e7\u00e3o sem saber como sair. Das suas dores de abril de abril um arco-\u00edris descoloriu no peito que dor \u00e9 essa que destr\u00f3i que cor [&hellip;]<\/p>\n","protected":false},"author":1,"featured_media":0,"parent":0,"menu_order":0,"comment_status":"closed","ping_status":"closed","template":"","meta":[],"_links":{"self":[{"href":"https:\/\/sergiodamaso.com.br\/index.php\/wp-json\/wp\/v2\/pages\/869"}],"collection":[{"href":"https:\/\/sergiodamaso.com.br\/index.php\/wp-json\/wp\/v2\/pages"}],"about":[{"href":"https:\/\/sergiodamaso.com.br\/index.php\/wp-json\/wp\/v2\/types\/page"}],"author":[{"embeddable":true,"href":"https:\/\/sergiodamaso.com.br\/index.php\/wp-json\/wp\/v2\/users\/1"}],"replies":[{"embeddable":true,"href":"https:\/\/sergiodamaso.com.br\/index.php\/wp-json\/wp\/v2\/comments?post=869"}],"version-history":[{"count":1,"href":"https:\/\/sergiodamaso.com.br\/index.php\/wp-json\/wp\/v2\/pages\/869\/revisions"}],"predecessor-version":[{"id":871,"href":"https:\/\/sergiodamaso.com.br\/index.php\/wp-json\/wp\/v2\/pages\/869\/revisions\/871"}],"wp:attachment":[{"href":"https:\/\/sergiodamaso.com.br\/index.php\/wp-json\/wp\/v2\/media?parent=869"}],"curies":[{"name":"wp","href":"https:\/\/api.w.org\/{rel}","templated":true}]}}