{"id":862,"date":"2024-03-14T15:45:03","date_gmt":"2024-03-14T18:45:03","guid":{"rendered":"https:\/\/sergiodamaso.com.br\/?page_id=862"},"modified":"2024-03-14T15:45:04","modified_gmt":"2024-03-14T18:45:04","slug":"volte-pra-mim","status":"publish","type":"page","link":"https:\/\/sergiodamaso.com.br\/index.php\/volte-pra-mim\/","title":{"rendered":"VOLTE PRA MIM"},"content":{"rendered":"\n<figure class=\"wp-block-audio\"><audio controls src=\"https:\/\/sergiodamaso.com.br\/wp-content\/uploads\/2024\/03\/volte-pra-mim.mp3\"><\/audio><\/figure>\n\n\n\n<p><strong><em>Mongol &amp; S\u00e9rgio D\u00e2maso<\/em><\/strong><\/p>\n\n\n\n<p>Volte pra mim n\u00e3o me deixe<\/p>\n\n\n\n<p>depois de tudo que aconteceu<\/p>\n\n\n\n<p>revirou meu cora\u00e7\u00e3o e agora<\/p>\n\n\n\n<p>longe de mim eu n\u00e3o sei.<\/p>\n\n\n\n<p>eu n\u00e3o sei<\/p>\n\n\n\n<p>Se ainda sente por mim<\/p>\n\n\n\n<p>tuas belas loucuras<\/p>\n\n\n\n<p>tuas loucas emo\u00e7\u00f5es<\/p>\n\n\n\n<p>tuas eternas paix\u00f5es.<\/p>\n\n\n\n<p>Eu quero saber<\/p>\n\n\n\n<p>se te pe\u00e7o pra voltar<\/p>\n\n\n\n<p>se te pe\u00e7o pra lembrar<\/p>\n\n\n\n<p>daqueles nossos momentos.<\/p>\n\n\n\n<p>N\u00e3o foi coisa do acaso<\/p>\n\n\n\n<p>eu sei n\u00e3o foi<\/p>\n\n\n\n<p>mas o que fazer<\/p>\n\n\n\n<p>se est\u00e1 longe de mim.<\/p>\n\n\n\n<p>N\u00e3o foi coisa do acaso<\/p>\n\n\n\n<p>eu sei n\u00e3o foi<\/p>\n\n\n\n<p>mas o que fazer<\/p>\n\n\n\n<p>se voc\u00ea est\u00e1 longe de mim.<\/p>\n\n\n\n<p>muito longe de mim<\/p>\n","protected":false},"excerpt":{"rendered":"<p>Mongol &amp; S\u00e9rgio D\u00e2maso Volte pra mim n\u00e3o me deixe depois de tudo que aconteceu revirou meu cora\u00e7\u00e3o e agora longe de mim eu n\u00e3o sei. eu n\u00e3o sei Se ainda sente por mim tuas belas loucuras tuas loucas emo\u00e7\u00f5es tuas eternas paix\u00f5es. Eu quero saber se te pe\u00e7o pra voltar se te pe\u00e7o pra [&hellip;]<\/p>\n","protected":false},"author":1,"featured_media":0,"parent":0,"menu_order":0,"comment_status":"closed","ping_status":"closed","template":"","meta":[],"_links":{"self":[{"href":"https:\/\/sergiodamaso.com.br\/index.php\/wp-json\/wp\/v2\/pages\/862"}],"collection":[{"href":"https:\/\/sergiodamaso.com.br\/index.php\/wp-json\/wp\/v2\/pages"}],"about":[{"href":"https:\/\/sergiodamaso.com.br\/index.php\/wp-json\/wp\/v2\/types\/page"}],"author":[{"embeddable":true,"href":"https:\/\/sergiodamaso.com.br\/index.php\/wp-json\/wp\/v2\/users\/1"}],"replies":[{"embeddable":true,"href":"https:\/\/sergiodamaso.com.br\/index.php\/wp-json\/wp\/v2\/comments?post=862"}],"version-history":[{"count":1,"href":"https:\/\/sergiodamaso.com.br\/index.php\/wp-json\/wp\/v2\/pages\/862\/revisions"}],"predecessor-version":[{"id":865,"href":"https:\/\/sergiodamaso.com.br\/index.php\/wp-json\/wp\/v2\/pages\/862\/revisions\/865"}],"wp:attachment":[{"href":"https:\/\/sergiodamaso.com.br\/index.php\/wp-json\/wp\/v2\/media?parent=862"}],"curies":[{"name":"wp","href":"https:\/\/api.w.org\/{rel}","templated":true}]}}