{"id":846,"date":"2024-03-14T14:37:54","date_gmt":"2024-03-14T17:37:54","guid":{"rendered":"https:\/\/sergiodamaso.com.br\/?page_id=846"},"modified":"2024-03-14T14:37:55","modified_gmt":"2024-03-14T17:37:55","slug":"abajur","status":"publish","type":"page","link":"https:\/\/sergiodamaso.com.br\/index.php\/abajur\/","title":{"rendered":"ABAJUR"},"content":{"rendered":"\n<figure class=\"wp-block-audio\"><audio controls src=\"https:\/\/sergiodamaso.com.br\/wp-content\/uploads\/2024\/03\/abajur.mp3\"><\/audio><\/figure>\n\n\n\n<p><strong><em>Mongol &amp; S\u00e9rgio D\u00e2maso<\/em><\/strong><\/p>\n\n\n\n<p>Quando sair<\/p>\n\n\n\n<p>apague a luz do abajur<\/p>\n\n\n\n<p>mas deixe a porta aberta<\/p>\n\n\n\n<p>quem sabe voc\u00ea volte um dia.<\/p>\n\n\n\n<p>Tudo poder\u00e1 acontecer<\/p>\n\n\n\n<p>alguns arquivos apaguei<\/p>\n\n\n\n<p>outros apenas desliguei<\/p>\n\n\n\n<p>exatamente quando partiu.<\/p>\n\n\n\n<p>Mas poder\u00e3o estar dispon\u00edveis<\/p>\n\n\n\n<p>sobre a tela de prote\u00e7\u00e3o<\/p>\n\n\n\n<p>talvez voltando reinicie<\/p>\n\n\n\n<p>como um brilho de paix\u00e3o<\/p>\n\n\n\n<p>acendendo a luz do abajur<\/p>\n\n\n\n<p>que voc\u00ea apagou.<\/p>\n","protected":false},"excerpt":{"rendered":"<p>Mongol &amp; S\u00e9rgio D\u00e2maso Quando sair apague a luz do abajur mas deixe a porta aberta quem sabe voc\u00ea volte um dia. Tudo poder\u00e1 acontecer alguns arquivos apaguei outros apenas desliguei exatamente quando partiu. Mas poder\u00e3o estar dispon\u00edveis sobre a tela de prote\u00e7\u00e3o talvez voltando reinicie como um brilho de paix\u00e3o acendendo a luz do [&hellip;]<\/p>\n","protected":false},"author":1,"featured_media":0,"parent":0,"menu_order":0,"comment_status":"closed","ping_status":"closed","template":"","meta":[],"_links":{"self":[{"href":"https:\/\/sergiodamaso.com.br\/index.php\/wp-json\/wp\/v2\/pages\/846"}],"collection":[{"href":"https:\/\/sergiodamaso.com.br\/index.php\/wp-json\/wp\/v2\/pages"}],"about":[{"href":"https:\/\/sergiodamaso.com.br\/index.php\/wp-json\/wp\/v2\/types\/page"}],"author":[{"embeddable":true,"href":"https:\/\/sergiodamaso.com.br\/index.php\/wp-json\/wp\/v2\/users\/1"}],"replies":[{"embeddable":true,"href":"https:\/\/sergiodamaso.com.br\/index.php\/wp-json\/wp\/v2\/comments?post=846"}],"version-history":[{"count":1,"href":"https:\/\/sergiodamaso.com.br\/index.php\/wp-json\/wp\/v2\/pages\/846\/revisions"}],"predecessor-version":[{"id":848,"href":"https:\/\/sergiodamaso.com.br\/index.php\/wp-json\/wp\/v2\/pages\/846\/revisions\/848"}],"wp:attachment":[{"href":"https:\/\/sergiodamaso.com.br\/index.php\/wp-json\/wp\/v2\/media?parent=846"}],"curies":[{"name":"wp","href":"https:\/\/api.w.org\/{rel}","templated":true}]}}