{"id":843,"date":"2024-03-14T14:24:32","date_gmt":"2024-03-14T17:24:32","guid":{"rendered":"https:\/\/sergiodamaso.com.br\/?page_id=843"},"modified":"2024-03-14T14:24:32","modified_gmt":"2024-03-14T17:24:32","slug":"ando-tao-angustiado","status":"publish","type":"page","link":"https:\/\/sergiodamaso.com.br\/index.php\/ando-tao-angustiado\/","title":{"rendered":"ANDO T\u00c3O ANGUSTIADO"},"content":{"rendered":"\n<p><\/p>\n\n\n\n<figure class=\"wp-block-audio\"><audio controls src=\"https:\/\/sergiodamaso.com.br\/wp-content\/uploads\/2024\/03\/ando-tao-angustiado.mp3\"><\/audio><\/figure>\n\n\n\n<p><strong><em>Mongol &amp; S\u00e9rgio D\u00e2maso<\/em><\/strong><\/p>\n\n\n\n<p>Ando tanto angustiado que nem sei bem<\/p>\n\n\n\n<p>&nbsp;como olhar para o lado<\/p>\n\n\n\n<p>pensando tanto, todo o tempo procurando<\/p>\n\n\n\n<p>uma raz\u00e3o pra que voc\u00ea existisse.<\/p>\n\n\n\n<p>Por que quando miro no espelho<\/p>\n\n\n\n<p>n\u00e3o vejo a tua imagem<\/p>\n\n\n\n<p>tudo passa t\u00e3o depressa t\u00e3o depressa<\/p>\n\n\n\n<p>tudo fica t\u00e3o atr\u00e1s t\u00e3o atr\u00e1s.<\/p>\n\n\n\n<p>Quando imagino teus amores<\/p>\n\n\n\n<p>quando lembro tuas paix\u00f5es<\/p>\n\n\n\n<p>quando vejo nesse mundo louco<\/p>\n\n\n\n<p>o quanto chorei por voc\u00ea.<\/p>\n\n\n\n<p>Procurei at\u00e9 pensar querendo acreditar<\/p>\n\n\n\n<p>que tudo poderia ser verdade.<\/p>\n\n\n\n<p>S\u00f3 voc\u00ea n\u00e3o me v\u00ea perdido<\/p>\n\n\n\n<p>s\u00f3 voc\u00ea n\u00e3o me v\u00ea despido<\/p>\n\n\n\n<p>s\u00f3 voc\u00ea n\u00e3o me v\u00ea mostrar<\/p>\n","protected":false},"excerpt":{"rendered":"<p>Mongol &amp; S\u00e9rgio D\u00e2maso Ando tanto angustiado que nem sei bem &nbsp;como olhar para o lado pensando tanto, todo o tempo procurando uma raz\u00e3o pra que voc\u00ea existisse. Por que quando miro no espelho n\u00e3o vejo a tua imagem tudo passa t\u00e3o depressa t\u00e3o depressa tudo fica t\u00e3o atr\u00e1s t\u00e3o atr\u00e1s. Quando imagino teus amores [&hellip;]<\/p>\n","protected":false},"author":1,"featured_media":0,"parent":0,"menu_order":0,"comment_status":"closed","ping_status":"closed","template":"","meta":[],"_links":{"self":[{"href":"https:\/\/sergiodamaso.com.br\/index.php\/wp-json\/wp\/v2\/pages\/843"}],"collection":[{"href":"https:\/\/sergiodamaso.com.br\/index.php\/wp-json\/wp\/v2\/pages"}],"about":[{"href":"https:\/\/sergiodamaso.com.br\/index.php\/wp-json\/wp\/v2\/types\/page"}],"author":[{"embeddable":true,"href":"https:\/\/sergiodamaso.com.br\/index.php\/wp-json\/wp\/v2\/users\/1"}],"replies":[{"embeddable":true,"href":"https:\/\/sergiodamaso.com.br\/index.php\/wp-json\/wp\/v2\/comments?post=843"}],"version-history":[{"count":1,"href":"https:\/\/sergiodamaso.com.br\/index.php\/wp-json\/wp\/v2\/pages\/843\/revisions"}],"predecessor-version":[{"id":845,"href":"https:\/\/sergiodamaso.com.br\/index.php\/wp-json\/wp\/v2\/pages\/843\/revisions\/845"}],"wp:attachment":[{"href":"https:\/\/sergiodamaso.com.br\/index.php\/wp-json\/wp\/v2\/media?parent=843"}],"curies":[{"name":"wp","href":"https:\/\/api.w.org\/{rel}","templated":true}]}}