{"id":823,"date":"2024-03-03T17:12:37","date_gmt":"2024-03-03T20:12:37","guid":{"rendered":"https:\/\/sergiodamaso.com.br\/?page_id=823"},"modified":"2024-03-03T17:12:37","modified_gmt":"2024-03-03T20:12:37","slug":"eterna-miragem-versao-2","status":"publish","type":"page","link":"https:\/\/sergiodamaso.com.br\/index.php\/eterna-miragem-versao-2\/","title":{"rendered":"ETERNA MIRAGEM (VERS\u00c3O 2)"},"content":{"rendered":"\n<p><audio src=\"https:\/\/sergiodamaso.com.br\/wp-content\/uploads\/2024\/02\/Eterna-miragem.mp3\"><\/audio><\/p>\n\n\n\n<figure class=\"wp-block-audio\"><audio controls src=\"https:\/\/sergiodamaso.com.br\/wp-content\/uploads\/2024\/03\/eterna-miragem-2.mp3\"><\/audio><\/figure>\n\n\n\n<p><strong><em>Mongol &amp; S\u00e9rgio D\u00e2maso<\/em><\/strong><\/p>\n\n\n\n<p>Me diz como \u00e9 que faz quando se perde um grande amor<\/p>\n\n\n\n<p>esquece o que ficou pra tr\u00e1s ou guarda como dor<\/p>\n\n\n\n<p>me diz tem outro jeito de pensar nessa paix\u00e3o<\/p>\n\n\n\n<p>ah! por favor me ajuda quem tiver a solu\u00e7\u00e3o.<\/p>\n\n\n\n<p>Qual \u00e9 a diferen\u00e7a entre a saudade e o sofrer<\/p>\n\n\n\n<p>\u00e0s vezes, sem querer, misturo tudo<\/p>\n\n\n\n<p>e coisas que eu ouvia como eu gosto de voc\u00ea<\/p>\n\n\n\n<p>de repente esse canto ficou mudo.<\/p>\n\n\n\n<p>E quando a dist\u00e2ncia n\u00e3o apaga a imagem<\/p>\n\n\n\n<p>de algu\u00e9m que nunca sai do pensamento<\/p>\n\n\n\n<p>parece que \u00e9 eterna a solid\u00e3o dessa miragem<\/p>\n\n\n\n<p>mesmo sabendo que passar\u00e1 com o tempo.<\/p>\n\n\n\n<p>Mas eu quero saber agora gente o que fazer<\/p>\n\n\n\n<p>\u00e9 que morrer de amor assim parece t\u00e3o antigo<\/p>\n\n\n\n<p>se n\u00e3o houver outra maneira de sobreviver<\/p>\n\n\n\n<p>que outro amor me salve agora do perigo.<\/p>\n","protected":false},"excerpt":{"rendered":"<p>Mongol &amp; S\u00e9rgio D\u00e2maso Me diz como \u00e9 que faz quando se perde um grande amor esquece o que ficou pra tr\u00e1s ou guarda como dor me diz tem outro jeito de pensar nessa paix\u00e3o ah! por favor me ajuda quem tiver a solu\u00e7\u00e3o. Qual \u00e9 a diferen\u00e7a entre a saudade e o sofrer \u00e0s [&hellip;]<\/p>\n","protected":false},"author":1,"featured_media":0,"parent":0,"menu_order":0,"comment_status":"closed","ping_status":"closed","template":"","meta":[],"_links":{"self":[{"href":"https:\/\/sergiodamaso.com.br\/index.php\/wp-json\/wp\/v2\/pages\/823"}],"collection":[{"href":"https:\/\/sergiodamaso.com.br\/index.php\/wp-json\/wp\/v2\/pages"}],"about":[{"href":"https:\/\/sergiodamaso.com.br\/index.php\/wp-json\/wp\/v2\/types\/page"}],"author":[{"embeddable":true,"href":"https:\/\/sergiodamaso.com.br\/index.php\/wp-json\/wp\/v2\/users\/1"}],"replies":[{"embeddable":true,"href":"https:\/\/sergiodamaso.com.br\/index.php\/wp-json\/wp\/v2\/comments?post=823"}],"version-history":[{"count":1,"href":"https:\/\/sergiodamaso.com.br\/index.php\/wp-json\/wp\/v2\/pages\/823\/revisions"}],"predecessor-version":[{"id":826,"href":"https:\/\/sergiodamaso.com.br\/index.php\/wp-json\/wp\/v2\/pages\/823\/revisions\/826"}],"wp:attachment":[{"href":"https:\/\/sergiodamaso.com.br\/index.php\/wp-json\/wp\/v2\/media?parent=823"}],"curies":[{"name":"wp","href":"https:\/\/api.w.org\/{rel}","templated":true}]}}