{"id":807,"date":"2024-03-03T16:50:05","date_gmt":"2024-03-03T19:50:05","guid":{"rendered":"https:\/\/sergiodamaso.com.br\/?page_id=807"},"modified":"2024-03-03T16:50:05","modified_gmt":"2024-03-03T19:50:05","slug":"lentes-da-paixao-pedra-sobre-pedra-versao-2","status":"publish","type":"page","link":"https:\/\/sergiodamaso.com.br\/index.php\/lentes-da-paixao-pedra-sobre-pedra-versao-2\/","title":{"rendered":"LENTES DA PAIX\u00c3O PEDRA SOBRE PEDRA (VERS\u00c3O 2)"},"content":{"rendered":"\n<figure class=\"wp-block-audio\"><audio controls src=\"https:\/\/sergiodamaso.com.br\/wp-content\/uploads\/2024\/03\/lentes-da-paixao-pedra-sobre-pedra-2-1.mp3\"><\/audio><\/figure>\n\n\n\n<p><audio src=\"blob:https:\/\/sergiodamaso.com.br\/404b9f2b-8145-459b-9732-ab9189ae6b05\"><\/audio><\/p>\n\n\n\n<p><strong><em>Mongol &amp; S\u00e9rgio D\u00e2maso<\/em><\/strong><\/p>\n\n\n\n<p>O meu sil\u00eancio minha cabe\u00e7a baixa<\/p>\n\n\n\n<p>\u00e9 a minha mente trabalhando em convuls\u00e3o<\/p>\n\n\n\n<p>o meu sorriso manso brando<\/p>\n\n\n\n<p>e a pele dessa minha timidez em profus\u00e3o.<\/p>\n\n\n\n<p>Quando eu cantar e abrir meu cora\u00e7\u00e3o<\/p>\n\n\n\n<p>se a voz falhar por conta da emo\u00e7\u00e3o<\/p>\n\n\n\n<p>basta olhar meus olhos transparentes lentes da paix\u00e3o.<\/p>\n\n\n\n<p>Se eu amar teu corpo pura sedu\u00e7\u00e3o<\/p>\n\n\n\n<p>nesse jardim as cores brilhar\u00e3o<\/p>\n\n\n\n<p>n\u00e3o fica pedra sobre pedra no castelo da solid\u00e3o.<\/p>\n","protected":false},"excerpt":{"rendered":"<p>Mongol &amp; S\u00e9rgio D\u00e2maso O meu sil\u00eancio minha cabe\u00e7a baixa \u00e9 a minha mente trabalhando em convuls\u00e3o o meu sorriso manso brando e a pele dessa minha timidez em profus\u00e3o. Quando eu cantar e abrir meu cora\u00e7\u00e3o se a voz falhar por conta da emo\u00e7\u00e3o basta olhar meus olhos transparentes lentes da paix\u00e3o. Se eu [&hellip;]<\/p>\n","protected":false},"author":1,"featured_media":0,"parent":0,"menu_order":0,"comment_status":"closed","ping_status":"closed","template":"","meta":[],"_links":{"self":[{"href":"https:\/\/sergiodamaso.com.br\/index.php\/wp-json\/wp\/v2\/pages\/807"}],"collection":[{"href":"https:\/\/sergiodamaso.com.br\/index.php\/wp-json\/wp\/v2\/pages"}],"about":[{"href":"https:\/\/sergiodamaso.com.br\/index.php\/wp-json\/wp\/v2\/types\/page"}],"author":[{"embeddable":true,"href":"https:\/\/sergiodamaso.com.br\/index.php\/wp-json\/wp\/v2\/users\/1"}],"replies":[{"embeddable":true,"href":"https:\/\/sergiodamaso.com.br\/index.php\/wp-json\/wp\/v2\/comments?post=807"}],"version-history":[{"count":1,"href":"https:\/\/sergiodamaso.com.br\/index.php\/wp-json\/wp\/v2\/pages\/807\/revisions"}],"predecessor-version":[{"id":811,"href":"https:\/\/sergiodamaso.com.br\/index.php\/wp-json\/wp\/v2\/pages\/807\/revisions\/811"}],"wp:attachment":[{"href":"https:\/\/sergiodamaso.com.br\/index.php\/wp-json\/wp\/v2\/media?parent=807"}],"curies":[{"name":"wp","href":"https:\/\/api.w.org\/{rel}","templated":true}]}}