{"id":801,"date":"2024-03-03T16:35:24","date_gmt":"2024-03-03T19:35:24","guid":{"rendered":"https:\/\/sergiodamaso.com.br\/?page_id=801"},"modified":"2024-03-03T16:38:23","modified_gmt":"2024-03-03T19:38:23","slug":"contando-as-estrelas-2","status":"publish","type":"page","link":"https:\/\/sergiodamaso.com.br\/index.php\/contando-as-estrelas-2\/","title":{"rendered":"CONTANDO AS ESTRELAS (VERS\u00c3O 2)"},"content":{"rendered":"\n<p><audio src=\"https:\/\/sergiodamaso.com.br\/wp-content\/uploads\/2024\/03\/contando-as-estrelas.mp3\"><\/audio><\/p>\n\n\n\n<figure class=\"wp-block-audio\"><audio controls src=\"https:\/\/sergiodamaso.com.br\/wp-content\/uploads\/2024\/03\/contando-as-estrelas-1.mp3\"><\/audio><\/figure>\n\n\n\n<p><strong><em>Mongol &amp; S\u00e9rgio D\u00e2maso<\/em><\/strong><\/p>\n\n\n\n<p>N\u00e3o sei se devo mais te esperar<\/p>\n\n\n\n<p>aqui onde estou contando as estrelas<\/p>\n\n\n\n<p>esperando ver se voc\u00ea aparece<\/p>\n\n\n\n<p>ou se espero o sol surgir.<\/p>\n\n\n\n<p>Queria apenas ver o seu sorriso<\/p>\n\n\n\n<p>antes que tudo me confunda<\/p>\n\n\n\n<p>e eu me perca nas estrelas<\/p>\n\n\n\n<p>esperando, te esperando na minha lembran\u00e7a.<\/p>\n\n\n\n<p>Logo o sol ir\u00e1 brilhar<\/p>\n\n\n\n<p>e eu ficarei aqui sozinho<\/p>\n\n\n\n<p>num repente de repente esperando voc\u00ea<\/p>\n\n\n\n<p>aparecer s\u00f3 para mim.<\/p>\n","protected":false},"excerpt":{"rendered":"<p>Mongol &amp; S\u00e9rgio D\u00e2maso N\u00e3o sei se devo mais te esperar aqui onde estou contando as estrelas esperando ver se voc\u00ea aparece ou se espero o sol surgir. Queria apenas ver o seu sorriso antes que tudo me confunda e eu me perca nas estrelas esperando, te esperando na minha lembran\u00e7a. Logo o sol ir\u00e1 [&hellip;]<\/p>\n","protected":false},"author":1,"featured_media":0,"parent":0,"menu_order":0,"comment_status":"closed","ping_status":"closed","template":"","meta":[],"_links":{"self":[{"href":"https:\/\/sergiodamaso.com.br\/index.php\/wp-json\/wp\/v2\/pages\/801"}],"collection":[{"href":"https:\/\/sergiodamaso.com.br\/index.php\/wp-json\/wp\/v2\/pages"}],"about":[{"href":"https:\/\/sergiodamaso.com.br\/index.php\/wp-json\/wp\/v2\/types\/page"}],"author":[{"embeddable":true,"href":"https:\/\/sergiodamaso.com.br\/index.php\/wp-json\/wp\/v2\/users\/1"}],"replies":[{"embeddable":true,"href":"https:\/\/sergiodamaso.com.br\/index.php\/wp-json\/wp\/v2\/comments?post=801"}],"version-history":[{"count":2,"href":"https:\/\/sergiodamaso.com.br\/index.php\/wp-json\/wp\/v2\/pages\/801\/revisions"}],"predecessor-version":[{"id":806,"href":"https:\/\/sergiodamaso.com.br\/index.php\/wp-json\/wp\/v2\/pages\/801\/revisions\/806"}],"wp:attachment":[{"href":"https:\/\/sergiodamaso.com.br\/index.php\/wp-json\/wp\/v2\/media?parent=801"}],"curies":[{"name":"wp","href":"https:\/\/api.w.org\/{rel}","templated":true}]}}