{"id":788,"date":"2024-03-03T16:14:26","date_gmt":"2024-03-03T19:14:26","guid":{"rendered":"https:\/\/sergiodamaso.com.br\/?page_id=788"},"modified":"2024-03-03T16:14:26","modified_gmt":"2024-03-03T19:14:26","slug":"vou-roubar-e-nao-vou-devolver","status":"publish","type":"page","link":"https:\/\/sergiodamaso.com.br\/index.php\/vou-roubar-e-nao-vou-devolver\/","title":{"rendered":"VOU ROUBAR E N\u00c3O VOU DEVOLVER"},"content":{"rendered":"\n<figure class=\"wp-block-audio\"><audio controls src=\"https:\/\/sergiodamaso.com.br\/wp-content\/uploads\/2024\/03\/vou-roubar-e-nao-vou-devolver.mp3\"><\/audio><\/figure>\n\n\n\n<p><strong><em>Mongol &amp; S\u00e9rgio D\u00e2maso<\/em><\/strong><\/p>\n\n\n\n<p>Vou roubar e n\u00e3o vou devolver<\/p>\n\n\n\n<p>seu cora\u00e7\u00e3o para me saciar<\/p>\n\n\n\n<p>e sempre dentro de mim<\/p>\n\n\n\n<p>ficar e n\u00e3o mais sair.<\/p>\n\n\n\n<p>Sou sem meio um ladr\u00e3o amante<\/p>\n\n\n\n<p>que rouba rosas para enviar<\/p>\n\n\n\n<p>\u00e0 amada de noite ou de madrugada.<\/p>\n\n\n\n<p>Meu cofre est\u00e1 cheio de paix\u00e3o<\/p>\n\n\n\n<p>guardada roubada para entregar<\/p>\n\n\n\n<p>como uma joia rara.<\/p>\n\n\n\n<p>\u00c9 s\u00f3 voc\u00ea me amar me querer<\/p>\n\n\n\n<p>que n\u00e3o vou mais roubar<\/p>\n\n\n\n<p>vou sim \u00e9 dar tudo pra voc\u00ea<\/p>\n\n\n\n<p>mas se precisar eu vou roubar seu cora\u00e7\u00e3o<\/p>\n\n\n\n<p>para me saciar n\u00e3o devolver.<\/p>\n","protected":false},"excerpt":{"rendered":"<p>Mongol &amp; S\u00e9rgio D\u00e2maso Vou roubar e n\u00e3o vou devolver seu cora\u00e7\u00e3o para me saciar e sempre dentro de mim ficar e n\u00e3o mais sair. Sou sem meio um ladr\u00e3o amante que rouba rosas para enviar \u00e0 amada de noite ou de madrugada. Meu cofre est\u00e1 cheio de paix\u00e3o guardada roubada para entregar como uma [&hellip;]<\/p>\n","protected":false},"author":1,"featured_media":0,"parent":0,"menu_order":0,"comment_status":"closed","ping_status":"closed","template":"","meta":[],"_links":{"self":[{"href":"https:\/\/sergiodamaso.com.br\/index.php\/wp-json\/wp\/v2\/pages\/788"}],"collection":[{"href":"https:\/\/sergiodamaso.com.br\/index.php\/wp-json\/wp\/v2\/pages"}],"about":[{"href":"https:\/\/sergiodamaso.com.br\/index.php\/wp-json\/wp\/v2\/types\/page"}],"author":[{"embeddable":true,"href":"https:\/\/sergiodamaso.com.br\/index.php\/wp-json\/wp\/v2\/users\/1"}],"replies":[{"embeddable":true,"href":"https:\/\/sergiodamaso.com.br\/index.php\/wp-json\/wp\/v2\/comments?post=788"}],"version-history":[{"count":1,"href":"https:\/\/sergiodamaso.com.br\/index.php\/wp-json\/wp\/v2\/pages\/788\/revisions"}],"predecessor-version":[{"id":790,"href":"https:\/\/sergiodamaso.com.br\/index.php\/wp-json\/wp\/v2\/pages\/788\/revisions\/790"}],"wp:attachment":[{"href":"https:\/\/sergiodamaso.com.br\/index.php\/wp-json\/wp\/v2\/media?parent=788"}],"curies":[{"name":"wp","href":"https:\/\/api.w.org\/{rel}","templated":true}]}}