{"id":785,"date":"2024-03-03T16:10:57","date_gmt":"2024-03-03T19:10:57","guid":{"rendered":"https:\/\/sergiodamaso.com.br\/?page_id=785"},"modified":"2024-03-03T16:10:57","modified_gmt":"2024-03-03T19:10:57","slug":"voltei-de-bracos-abertos","status":"publish","type":"page","link":"https:\/\/sergiodamaso.com.br\/index.php\/voltei-de-bracos-abertos\/","title":{"rendered":"VOLTEI DE BRACOS ABERTOS"},"content":{"rendered":"\n<figure class=\"wp-block-audio\"><audio controls src=\"https:\/\/sergiodamaso.com.br\/wp-content\/uploads\/2024\/03\/voltei-de-bracos-abertos.mp3\"><\/audio><\/figure>\n\n\n\n<p><strong><em>Mongol &amp; S\u00e9rgio D\u00e2maso<\/em><\/strong><\/p>\n\n\n\n<p>Voltei de bra\u00e7os e peito abertos<\/p>\n\n\n\n<p>o cora\u00e7\u00e3o estava apertado eu sei<\/p>\n\n\n\n<p>o quanto ele doeu eu senti<\/p>\n\n\n\n<p>aquela saudade querendo voltar eu voltei.<\/p>\n\n\n\n<p>Me abrace onde voc\u00ea estiver<\/p>\n\n\n\n<p>me beije onde voc\u00ea quiser<\/p>\n\n\n\n<p>mesmo que s\u00f3 em seu pensamento<\/p>\n\n\n\n<p>mesmo que s\u00f3 por um instante.<\/p>\n\n\n\n<p>Abra o teu cora\u00e7\u00e3o<\/p>\n\n\n\n<p>eu estou chegando assim<\/p>\n\n\n\n<p>bem devagarinho te sentindo<\/p>\n\n\n\n<p>sussurrando nos teus ouvidos.<\/p>\n\n\n\n<p>Palavras de amor<\/p>\n\n\n\n<p>coisas que n\u00e3o esquecer\u00e1<\/p>\n\n\n\n<p>unindo dois cora\u00e7\u00f5es<\/p>\n\n\n\n<p>voltei como as ondas no mar.<strong><\/strong><\/p>\n","protected":false},"excerpt":{"rendered":"<p>Mongol &amp; S\u00e9rgio D\u00e2maso Voltei de bra\u00e7os e peito abertos o cora\u00e7\u00e3o estava apertado eu sei o quanto ele doeu eu senti aquela saudade querendo voltar eu voltei. Me abrace onde voc\u00ea estiver me beije onde voc\u00ea quiser mesmo que s\u00f3 em seu pensamento mesmo que s\u00f3 por um instante. Abra o teu cora\u00e7\u00e3o eu [&hellip;]<\/p>\n","protected":false},"author":1,"featured_media":0,"parent":0,"menu_order":0,"comment_status":"closed","ping_status":"closed","template":"","meta":[],"_links":{"self":[{"href":"https:\/\/sergiodamaso.com.br\/index.php\/wp-json\/wp\/v2\/pages\/785"}],"collection":[{"href":"https:\/\/sergiodamaso.com.br\/index.php\/wp-json\/wp\/v2\/pages"}],"about":[{"href":"https:\/\/sergiodamaso.com.br\/index.php\/wp-json\/wp\/v2\/types\/page"}],"author":[{"embeddable":true,"href":"https:\/\/sergiodamaso.com.br\/index.php\/wp-json\/wp\/v2\/users\/1"}],"replies":[{"embeddable":true,"href":"https:\/\/sergiodamaso.com.br\/index.php\/wp-json\/wp\/v2\/comments?post=785"}],"version-history":[{"count":1,"href":"https:\/\/sergiodamaso.com.br\/index.php\/wp-json\/wp\/v2\/pages\/785\/revisions"}],"predecessor-version":[{"id":787,"href":"https:\/\/sergiodamaso.com.br\/index.php\/wp-json\/wp\/v2\/pages\/785\/revisions\/787"}],"wp:attachment":[{"href":"https:\/\/sergiodamaso.com.br\/index.php\/wp-json\/wp\/v2\/media?parent=785"}],"curies":[{"name":"wp","href":"https:\/\/api.w.org\/{rel}","templated":true}]}}