{"id":774,"date":"2024-03-03T16:05:06","date_gmt":"2024-03-03T19:05:06","guid":{"rendered":"https:\/\/sergiodamaso.com.br\/?page_id=774"},"modified":"2024-03-03T16:05:07","modified_gmt":"2024-03-03T19:05:07","slug":"uma-cancao-assim","status":"publish","type":"page","link":"https:\/\/sergiodamaso.com.br\/index.php\/uma-cancao-assim\/","title":{"rendered":"UMA CAN\u00c7\u00c3O ASSIM"},"content":{"rendered":"\n<figure class=\"wp-block-audio\"><audio controls src=\"https:\/\/sergiodamaso.com.br\/wp-content\/uploads\/2024\/03\/uma-cancao-assim-1.mp3\"><\/audio><\/figure>\n\n\n\n<p><strong><em>Mongol &amp; S\u00e9rgio D\u00e2maso<\/em><\/strong><\/p>\n\n\n\n<p>\u00c9 bem poss\u00edvel que voc\u00ea<\/p>\n\n\n\n<p>tenha escutado uma can\u00e7\u00e3o assim.<\/p>\n\n\n\n<p>Tantos caras como eu<\/p>\n\n\n\n<p>j\u00e1 sofreram o que eu sofri.<\/p>\n\n\n\n<p>Ent\u00e3o \u00e9 bem poss\u00edvel que voc\u00ea<\/p>\n\n\n\n<p>tenha escutado uma can\u00e7\u00e3o assim.<\/p>\n","protected":false},"excerpt":{"rendered":"<p>Mongol &amp; S\u00e9rgio D\u00e2maso \u00c9 bem poss\u00edvel que voc\u00ea tenha escutado uma can\u00e7\u00e3o assim. Tantos caras como eu j\u00e1 sofreram o que eu sofri. Ent\u00e3o \u00e9 bem poss\u00edvel que voc\u00ea tenha escutado uma can\u00e7\u00e3o assim.<\/p>\n","protected":false},"author":1,"featured_media":0,"parent":0,"menu_order":0,"comment_status":"closed","ping_status":"closed","template":"","meta":[],"_links":{"self":[{"href":"https:\/\/sergiodamaso.com.br\/index.php\/wp-json\/wp\/v2\/pages\/774"}],"collection":[{"href":"https:\/\/sergiodamaso.com.br\/index.php\/wp-json\/wp\/v2\/pages"}],"about":[{"href":"https:\/\/sergiodamaso.com.br\/index.php\/wp-json\/wp\/v2\/types\/page"}],"author":[{"embeddable":true,"href":"https:\/\/sergiodamaso.com.br\/index.php\/wp-json\/wp\/v2\/users\/1"}],"replies":[{"embeddable":true,"href":"https:\/\/sergiodamaso.com.br\/index.php\/wp-json\/wp\/v2\/comments?post=774"}],"version-history":[{"count":1,"href":"https:\/\/sergiodamaso.com.br\/index.php\/wp-json\/wp\/v2\/pages\/774\/revisions"}],"predecessor-version":[{"id":777,"href":"https:\/\/sergiodamaso.com.br\/index.php\/wp-json\/wp\/v2\/pages\/774\/revisions\/777"}],"wp:attachment":[{"href":"https:\/\/sergiodamaso.com.br\/index.php\/wp-json\/wp\/v2\/media?parent=774"}],"curies":[{"name":"wp","href":"https:\/\/api.w.org\/{rel}","templated":true}]}}