{"id":771,"date":"2024-03-03T16:03:26","date_gmt":"2024-03-03T19:03:26","guid":{"rendered":"https:\/\/sergiodamaso.com.br\/?page_id=771"},"modified":"2024-03-03T16:03:26","modified_gmt":"2024-03-03T19:03:26","slug":"ultimo-beijo","status":"publish","type":"page","link":"https:\/\/sergiodamaso.com.br\/index.php\/ultimo-beijo\/","title":{"rendered":"\u00daLTIMO BEIJO"},"content":{"rendered":"\n<figure class=\"wp-block-audio\"><audio controls src=\"https:\/\/sergiodamaso.com.br\/wp-content\/uploads\/2024\/03\/ultimo-beijo.mp3\"><\/audio><\/figure>\n\n\n\n<p><strong><em>Mongol &amp; S\u00e9rgio D\u00e2maso<\/em><\/strong><\/p>\n\n\n\n<p>Aquele teu \u00faltimo beijo<br>nunca esqueci<br>entre abra\u00e7os leves apertados<br>me sufocando.<\/p>\n\n\n\n<p>Passou como um vendaval<br>levou toda minha paix\u00e3o<br>ficando s\u00f3 na lembran\u00e7a<br>marcas em meu cora\u00e7\u00e3o.<\/p>\n\n\n\n<p>Em peda\u00e7os e migalhas<br>de desilus\u00f5es perdidas<br>fora de controle<br>nas minhas recorda\u00e7\u00f5es.<\/p>\n\n\n\n<p>Qual o mal do amor<\/p>\n\n\n\n<p>diga-me meu Deus<\/p>\n\n\n\n<p>por favor o que fiz<br>pra sofrer tanto assim.<\/p>\n","protected":false},"excerpt":{"rendered":"<p>Mongol &amp; S\u00e9rgio D\u00e2maso Aquele teu \u00faltimo beijonunca esquecientre abra\u00e7os leves apertadosme sufocando. Passou como um vendavallevou toda minha paix\u00e3oficando s\u00f3 na lembran\u00e7amarcas em meu cora\u00e7\u00e3o. Em peda\u00e7os e migalhasde desilus\u00f5es perdidasfora de controlenas minhas recorda\u00e7\u00f5es. Qual o mal do amor diga-me meu Deus por favor o que fizpra sofrer tanto assim.<\/p>\n","protected":false},"author":1,"featured_media":0,"parent":0,"menu_order":0,"comment_status":"closed","ping_status":"closed","template":"","meta":[],"_links":{"self":[{"href":"https:\/\/sergiodamaso.com.br\/index.php\/wp-json\/wp\/v2\/pages\/771"}],"collection":[{"href":"https:\/\/sergiodamaso.com.br\/index.php\/wp-json\/wp\/v2\/pages"}],"about":[{"href":"https:\/\/sergiodamaso.com.br\/index.php\/wp-json\/wp\/v2\/types\/page"}],"author":[{"embeddable":true,"href":"https:\/\/sergiodamaso.com.br\/index.php\/wp-json\/wp\/v2\/users\/1"}],"replies":[{"embeddable":true,"href":"https:\/\/sergiodamaso.com.br\/index.php\/wp-json\/wp\/v2\/comments?post=771"}],"version-history":[{"count":1,"href":"https:\/\/sergiodamaso.com.br\/index.php\/wp-json\/wp\/v2\/pages\/771\/revisions"}],"predecessor-version":[{"id":773,"href":"https:\/\/sergiodamaso.com.br\/index.php\/wp-json\/wp\/v2\/pages\/771\/revisions\/773"}],"wp:attachment":[{"href":"https:\/\/sergiodamaso.com.br\/index.php\/wp-json\/wp\/v2\/media?parent=771"}],"curies":[{"name":"wp","href":"https:\/\/api.w.org\/{rel}","templated":true}]}}