{"id":765,"date":"2024-03-03T16:00:28","date_gmt":"2024-03-03T19:00:28","guid":{"rendered":"https:\/\/sergiodamaso.com.br\/?page_id=765"},"modified":"2024-03-17T01:03:17","modified_gmt":"2024-03-17T04:03:17","slug":"todos-os-sons","status":"publish","type":"page","link":"https:\/\/sergiodamaso.com.br\/index.php\/todos-os-sons\/","title":{"rendered":"TODOS OS SONS"},"content":{"rendered":"\n<figure class=\"wp-block-audio\"><audio controls src=\"https:\/\/sergiodamaso.com.br\/wp-content\/uploads\/2024\/03\/todos-os-sons.mp3\"><\/audio><\/figure>\n\n\n\n<p><strong><em>Mongol &amp; S\u00e9rgio D\u00e2maso<\/em><\/strong><\/p>\n\n\n\n<p>Pode repicar todos os sinos<\/p>\n\n\n\n<p>pode tocar todos os tambores<\/p>\n\n\n\n<p>pode soar todos os trompetes<\/p>\n\n\n\n<p>que eu n\u00e3o ou\u00e7o.<\/p>\n\n\n\n<p>Eu s\u00f3 escuto o cora\u00e7\u00e3o<\/p>\n\n\n\n<p>da minha doce amada<\/p>\n\n\n\n<p>ela \u00e9 quem enlouquece<\/p>\n\n\n\n<p>quem me deixa perdido.<\/p>\n\n\n\n<p>Minha linda voc\u00ea \u00e9<\/p>\n\n\n\n<p>a mais doce das mulheres<\/p>\n\n\n\n<p>a mais querida das mulheres<\/p>\n\n\n\n<p>a mais desejada das mulheres.<\/p>\n\n\n\n<p>Como eu posso querer te perder<\/p>\n\n\n\n<p>como eu posso querer te esquecer<\/p>\n\n\n\n<p>sem voc\u00ea n\u00e3o existe felicidade<\/p>\n\n\n\n<p>sem voc\u00ea eu n\u00e3o existo.<\/p>\n\n\n\n<p>Posso ser um louco desvairado<\/p>\n\n\n\n<p>posso at\u00e9 parecer um maluco<\/p>\n\n\n\n<p>mas abrir m\u00e3o de voc\u00ea<\/p>\n\n\n\n<p>por qualquer can\u00e7\u00e3o eu n\u00e3o.<\/p>\n","protected":false},"excerpt":{"rendered":"<p>Mongol &amp; S\u00e9rgio D\u00e2maso Pode repicar todos os sinos pode tocar todos os tambores pode soar todos os trompetes que eu n\u00e3o ou\u00e7o. Eu s\u00f3 escuto o cora\u00e7\u00e3o da minha doce amada ela \u00e9 quem enlouquece quem me deixa perdido. Minha linda voc\u00ea \u00e9 a mais doce das mulheres a mais querida das mulheres a [&hellip;]<\/p>\n","protected":false},"author":1,"featured_media":0,"parent":0,"menu_order":0,"comment_status":"closed","ping_status":"closed","template":"","meta":[],"_links":{"self":[{"href":"https:\/\/sergiodamaso.com.br\/index.php\/wp-json\/wp\/v2\/pages\/765"}],"collection":[{"href":"https:\/\/sergiodamaso.com.br\/index.php\/wp-json\/wp\/v2\/pages"}],"about":[{"href":"https:\/\/sergiodamaso.com.br\/index.php\/wp-json\/wp\/v2\/types\/page"}],"author":[{"embeddable":true,"href":"https:\/\/sergiodamaso.com.br\/index.php\/wp-json\/wp\/v2\/users\/1"}],"replies":[{"embeddable":true,"href":"https:\/\/sergiodamaso.com.br\/index.php\/wp-json\/wp\/v2\/comments?post=765"}],"version-history":[{"count":1,"href":"https:\/\/sergiodamaso.com.br\/index.php\/wp-json\/wp\/v2\/pages\/765\/revisions"}],"predecessor-version":[{"id":767,"href":"https:\/\/sergiodamaso.com.br\/index.php\/wp-json\/wp\/v2\/pages\/765\/revisions\/767"}],"wp:attachment":[{"href":"https:\/\/sergiodamaso.com.br\/index.php\/wp-json\/wp\/v2\/media?parent=765"}],"curies":[{"name":"wp","href":"https:\/\/api.w.org\/{rel}","templated":true}]}}