{"id":762,"date":"2024-03-03T15:59:17","date_gmt":"2024-03-03T18:59:17","guid":{"rendered":"https:\/\/sergiodamaso.com.br\/?page_id=762"},"modified":"2024-03-03T15:59:17","modified_gmt":"2024-03-03T18:59:17","slug":"teu-sussuro","status":"publish","type":"page","link":"https:\/\/sergiodamaso.com.br\/index.php\/teu-sussuro\/","title":{"rendered":"TEU SUSSURO"},"content":{"rendered":"\n<figure class=\"wp-block-audio\"><audio controls src=\"https:\/\/sergiodamaso.com.br\/wp-content\/uploads\/2024\/03\/teu-sussurro.mp3\"><\/audio><\/figure>\n\n\n\n<p><strong><em>Mongol &amp; S\u00e9rgio D\u00e2maso<\/em><\/strong><\/p>\n\n\n\n<p>Teu sussurro em meu ouvido<\/p>\n\n\n\n<p>ecoou e depois voou<\/p>\n\n\n\n<p>tentei pegar voc\u00ea saindo de mim<\/p>\n\n\n\n<p>mas n\u00e3o consegui tua m\u00e3o eu n\u00e3o consegui.<\/p>\n\n\n\n<p>E n\u00e3o vou desistir<\/p>\n\n\n\n<p>perder-te novamente<\/p>\n\n\n\n<p>eu n\u00e3o vou n\u00e3o vou<\/p>\n\n\n\n<p>m\u00e3o que tanto me segurou<\/p>\n\n\n\n<p>colando e deslizando nosso corpos<\/p>\n\n\n\n<p>suados entre beijos e abra\u00e7os apertados.<\/p>\n\n\n\n<p>\u00c9 t\u00e3o dif\u00edcil te ver assim<\/p>\n\n\n\n<p>voando como beija-flor<\/p>\n\n\n\n<p>a procura de um amor<\/p>\n\n\n\n<p>para sussurrar entre p\u00e9talas.<\/p>\n\n\n\n<p>Palavras saindo da minha boca<\/p>\n\n\n\n<p>ent\u00e3o voa beija-flor<\/p>\n\n\n\n<p>e diz as p\u00e9talas do amor<\/p>\n\n\n\n<p>a mais pura verdade.<\/p>\n","protected":false},"excerpt":{"rendered":"<p>Mongol &amp; S\u00e9rgio D\u00e2maso Teu sussurro em meu ouvido ecoou e depois voou tentei pegar voc\u00ea saindo de mim mas n\u00e3o consegui tua m\u00e3o eu n\u00e3o consegui. E n\u00e3o vou desistir perder-te novamente eu n\u00e3o vou n\u00e3o vou m\u00e3o que tanto me segurou colando e deslizando nosso corpos suados entre beijos e abra\u00e7os apertados. \u00c9 [&hellip;]<\/p>\n","protected":false},"author":1,"featured_media":0,"parent":0,"menu_order":0,"comment_status":"closed","ping_status":"closed","template":"","meta":[],"_links":{"self":[{"href":"https:\/\/sergiodamaso.com.br\/index.php\/wp-json\/wp\/v2\/pages\/762"}],"collection":[{"href":"https:\/\/sergiodamaso.com.br\/index.php\/wp-json\/wp\/v2\/pages"}],"about":[{"href":"https:\/\/sergiodamaso.com.br\/index.php\/wp-json\/wp\/v2\/types\/page"}],"author":[{"embeddable":true,"href":"https:\/\/sergiodamaso.com.br\/index.php\/wp-json\/wp\/v2\/users\/1"}],"replies":[{"embeddable":true,"href":"https:\/\/sergiodamaso.com.br\/index.php\/wp-json\/wp\/v2\/comments?post=762"}],"version-history":[{"count":1,"href":"https:\/\/sergiodamaso.com.br\/index.php\/wp-json\/wp\/v2\/pages\/762\/revisions"}],"predecessor-version":[{"id":764,"href":"https:\/\/sergiodamaso.com.br\/index.php\/wp-json\/wp\/v2\/pages\/762\/revisions\/764"}],"wp:attachment":[{"href":"https:\/\/sergiodamaso.com.br\/index.php\/wp-json\/wp\/v2\/media?parent=762"}],"curies":[{"name":"wp","href":"https:\/\/api.w.org\/{rel}","templated":true}]}}