{"id":759,"date":"2024-03-03T15:58:20","date_gmt":"2024-03-03T18:58:20","guid":{"rendered":"https:\/\/sergiodamaso.com.br\/?page_id=759"},"modified":"2024-03-03T15:58:20","modified_gmt":"2024-03-03T18:58:20","slug":"sou-mineiro","status":"publish","type":"page","link":"https:\/\/sergiodamaso.com.br\/index.php\/sou-mineiro\/","title":{"rendered":"SOU MINEIRO"},"content":{"rendered":"\n<figure class=\"wp-block-audio\"><audio controls src=\"https:\/\/sergiodamaso.com.br\/wp-content\/uploads\/2024\/03\/sou-mineiro.mp3\"><\/audio><\/figure>\n\n\n\n<p><strong><em>Mongol &amp; S\u00e9rgio D\u00e2maso<\/em><\/strong><\/p>\n\n\n\n<p>Sou mineiro n\u00e3o tenho carteiro<\/p>\n\n\n\n<p>vai de jegue meu bilhete<\/p>\n\n\n\n<p>chegar\u00e1 ainda hoje num recado provocado.<\/p>\n\n\n\n<p>Quem vai chorar sou eu<\/p>\n\n\n\n<p>se ele n\u00e3o chegar at\u00e9 hoje \u00e0 noite<\/p>\n\n\n\n<p>ser\u00e1 total desespero.<\/p>\n\n\n\n<p>Foi com apre\u00e7o que eu escrevi<\/p>\n\n\n\n<p>o recado provocado para evitar minha desilus\u00e3o<\/p>\n\n\n\n<p>aqui na mesa desse bar.<\/p>\n\n\n\n<p>Basta s\u00f3 chegar hoje pra ler ou at\u00e9 amanh\u00e3 de manh\u00e3<\/p>\n\n\n\n<p>o meu recado provocado pra saber<\/p>\n\n\n\n<p>do pobre cora\u00e7\u00e3o sua nobre e singela inten\u00e7\u00e3o<\/p>\n\n\n\n<p>para com voc\u00ea.<\/p>\n","protected":false},"excerpt":{"rendered":"<p>Mongol &amp; S\u00e9rgio D\u00e2maso Sou mineiro n\u00e3o tenho carteiro vai de jegue meu bilhete chegar\u00e1 ainda hoje num recado provocado. Quem vai chorar sou eu se ele n\u00e3o chegar at\u00e9 hoje \u00e0 noite ser\u00e1 total desespero. Foi com apre\u00e7o que eu escrevi o recado provocado para evitar minha desilus\u00e3o aqui na mesa desse bar. Basta [&hellip;]<\/p>\n","protected":false},"author":1,"featured_media":0,"parent":0,"menu_order":0,"comment_status":"closed","ping_status":"closed","template":"","meta":[],"_links":{"self":[{"href":"https:\/\/sergiodamaso.com.br\/index.php\/wp-json\/wp\/v2\/pages\/759"}],"collection":[{"href":"https:\/\/sergiodamaso.com.br\/index.php\/wp-json\/wp\/v2\/pages"}],"about":[{"href":"https:\/\/sergiodamaso.com.br\/index.php\/wp-json\/wp\/v2\/types\/page"}],"author":[{"embeddable":true,"href":"https:\/\/sergiodamaso.com.br\/index.php\/wp-json\/wp\/v2\/users\/1"}],"replies":[{"embeddable":true,"href":"https:\/\/sergiodamaso.com.br\/index.php\/wp-json\/wp\/v2\/comments?post=759"}],"version-history":[{"count":1,"href":"https:\/\/sergiodamaso.com.br\/index.php\/wp-json\/wp\/v2\/pages\/759\/revisions"}],"predecessor-version":[{"id":761,"href":"https:\/\/sergiodamaso.com.br\/index.php\/wp-json\/wp\/v2\/pages\/759\/revisions\/761"}],"wp:attachment":[{"href":"https:\/\/sergiodamaso.com.br\/index.php\/wp-json\/wp\/v2\/media?parent=759"}],"curies":[{"name":"wp","href":"https:\/\/api.w.org\/{rel}","templated":true}]}}