{"id":756,"date":"2024-03-03T15:57:13","date_gmt":"2024-03-03T18:57:13","guid":{"rendered":"https:\/\/sergiodamaso.com.br\/?page_id=756"},"modified":"2024-03-03T15:57:14","modified_gmt":"2024-03-03T18:57:14","slug":"se-cair-na-minha-rede","status":"publish","type":"page","link":"https:\/\/sergiodamaso.com.br\/index.php\/se-cair-na-minha-rede\/","title":{"rendered":"SE CAIR NA MINHA REDE"},"content":{"rendered":"\n<figure class=\"wp-block-audio\"><audio controls src=\"https:\/\/sergiodamaso.com.br\/wp-content\/uploads\/2024\/03\/se-cair-na-minha-rede.mp3\"><\/audio><\/figure>\n\n\n\n<p><strong><em>Mongol &amp; S\u00e9rgio D\u00e2maso<\/em><\/strong><\/p>\n\n\n\n<p>N\u00e3o sei mais estou triste o que mais posso fazer<\/p>\n\n\n\n<p>se tudo entre n\u00f3s se foi se desfez se liquefez<\/p>\n\n\n\n<p>voc\u00ea foi minha amada amante antiga e alegre<\/p>\n\n\n\n<p>de todos os meus erros certos ou n\u00e3o.<\/p>\n\n\n\n<p>Agora s\u00f3 quero remar e navegar<\/p>\n\n\n\n<p>em meu barco nas ondas da felicidade<\/p>\n\n\n\n<p>mas se cair na rede<\/p>\n\n\n\n<p>do meu barco que lancei ao mar<\/p>\n\n\n\n<p>poderei voltar a ser feliz com voc\u00ea.<\/p>\n","protected":false},"excerpt":{"rendered":"<p>Mongol &amp; S\u00e9rgio D\u00e2maso N\u00e3o sei mais estou triste o que mais posso fazer se tudo entre n\u00f3s se foi se desfez se liquefez voc\u00ea foi minha amada amante antiga e alegre de todos os meus erros certos ou n\u00e3o. Agora s\u00f3 quero remar e navegar em meu barco nas ondas da felicidade mas se [&hellip;]<\/p>\n","protected":false},"author":1,"featured_media":0,"parent":0,"menu_order":0,"comment_status":"closed","ping_status":"closed","template":"","meta":[],"_links":{"self":[{"href":"https:\/\/sergiodamaso.com.br\/index.php\/wp-json\/wp\/v2\/pages\/756"}],"collection":[{"href":"https:\/\/sergiodamaso.com.br\/index.php\/wp-json\/wp\/v2\/pages"}],"about":[{"href":"https:\/\/sergiodamaso.com.br\/index.php\/wp-json\/wp\/v2\/types\/page"}],"author":[{"embeddable":true,"href":"https:\/\/sergiodamaso.com.br\/index.php\/wp-json\/wp\/v2\/users\/1"}],"replies":[{"embeddable":true,"href":"https:\/\/sergiodamaso.com.br\/index.php\/wp-json\/wp\/v2\/comments?post=756"}],"version-history":[{"count":1,"href":"https:\/\/sergiodamaso.com.br\/index.php\/wp-json\/wp\/v2\/pages\/756\/revisions"}],"predecessor-version":[{"id":758,"href":"https:\/\/sergiodamaso.com.br\/index.php\/wp-json\/wp\/v2\/pages\/756\/revisions\/758"}],"wp:attachment":[{"href":"https:\/\/sergiodamaso.com.br\/index.php\/wp-json\/wp\/v2\/media?parent=756"}],"curies":[{"name":"wp","href":"https:\/\/api.w.org\/{rel}","templated":true}]}}