{"id":753,"date":"2024-03-03T15:55:13","date_gmt":"2024-03-03T18:55:13","guid":{"rendered":"https:\/\/sergiodamaso.com.br\/?page_id=753"},"modified":"2024-03-03T15:55:14","modified_gmt":"2024-03-03T18:55:14","slug":"rio-minha-colombina","status":"publish","type":"page","link":"https:\/\/sergiodamaso.com.br\/index.php\/rio-minha-colombina\/","title":{"rendered":"RIO MINHA COLOMBINA"},"content":{"rendered":"\n<figure class=\"wp-block-audio\"><audio controls src=\"https:\/\/sergiodamaso.com.br\/wp-content\/uploads\/2024\/03\/rio-minha-colombina.mp3\"><\/audio><\/figure>\n\n\n\n<p><strong><em>Mongol e S\u00e9rgio D\u00e2maso<\/em><\/strong><\/p>\n\n\n\n<p>Rio minha colombina<\/p>\n\n\n\n<p>linda comprei confete e serpentina<\/p>\n\n\n\n<p>vou pular at\u00e9 o sol raiar<\/p>\n\n\n\n<p>de Pierrot em Copacabana.<\/p>\n\n\n\n<p>De manh\u00e3 eu vou dan\u00e7ar no bloco<\/p>\n\n\n\n<p>de ressaca pra curar<\/p>\n\n\n\n<p>meu amor por voc\u00ea<\/p>\n\n\n\n<p>Rio minha colombina<\/p>\n\n\n\n<p>nunca vai passar.<\/p>\n\n\n\n<p>Olha que coisa mais linda<\/p>\n\n\n\n<p>a banda de Ipanema<\/p>\n\n\n\n<p>passando e olhando pro mar.<\/p>\n","protected":false},"excerpt":{"rendered":"<p>Mongol e S\u00e9rgio D\u00e2maso Rio minha colombina linda comprei confete e serpentina vou pular at\u00e9 o sol raiar de Pierrot em Copacabana. De manh\u00e3 eu vou dan\u00e7ar no bloco de ressaca pra curar meu amor por voc\u00ea Rio minha colombina nunca vai passar. Olha que coisa mais linda a banda de Ipanema passando e olhando [&hellip;]<\/p>\n","protected":false},"author":1,"featured_media":0,"parent":0,"menu_order":0,"comment_status":"closed","ping_status":"closed","template":"","meta":[],"_links":{"self":[{"href":"https:\/\/sergiodamaso.com.br\/index.php\/wp-json\/wp\/v2\/pages\/753"}],"collection":[{"href":"https:\/\/sergiodamaso.com.br\/index.php\/wp-json\/wp\/v2\/pages"}],"about":[{"href":"https:\/\/sergiodamaso.com.br\/index.php\/wp-json\/wp\/v2\/types\/page"}],"author":[{"embeddable":true,"href":"https:\/\/sergiodamaso.com.br\/index.php\/wp-json\/wp\/v2\/users\/1"}],"replies":[{"embeddable":true,"href":"https:\/\/sergiodamaso.com.br\/index.php\/wp-json\/wp\/v2\/comments?post=753"}],"version-history":[{"count":1,"href":"https:\/\/sergiodamaso.com.br\/index.php\/wp-json\/wp\/v2\/pages\/753\/revisions"}],"predecessor-version":[{"id":755,"href":"https:\/\/sergiodamaso.com.br\/index.php\/wp-json\/wp\/v2\/pages\/753\/revisions\/755"}],"wp:attachment":[{"href":"https:\/\/sergiodamaso.com.br\/index.php\/wp-json\/wp\/v2\/media?parent=753"}],"curies":[{"name":"wp","href":"https:\/\/api.w.org\/{rel}","templated":true}]}}