{"id":746,"date":"2024-03-03T15:51:42","date_gmt":"2024-03-03T18:51:42","guid":{"rendered":"https:\/\/sergiodamaso.com.br\/?page_id=746"},"modified":"2024-03-03T15:51:43","modified_gmt":"2024-03-03T18:51:43","slug":"quer-voar-comigo","status":"publish","type":"page","link":"https:\/\/sergiodamaso.com.br\/index.php\/quer-voar-comigo\/","title":{"rendered":"QUER VOAR COMIGO"},"content":{"rendered":"\n<figure class=\"wp-block-audio\"><audio controls src=\"https:\/\/sergiodamaso.com.br\/wp-content\/uploads\/2024\/03\/quer-voar-comigo-online-audio-converter.com_.mp3\"><\/audio><\/figure>\n\n\n\n<p><strong><em>Mongol &amp; S\u00e9rgio D\u00e2maso<\/em><\/strong><\/p>\n\n\n\n<p>Quer voar comigo at\u00e9 meu jardim<\/p>\n\n\n\n<p>voc\u00ea vai ver conhe\u00e7o bem esse caminho<\/p>\n\n\n\n<p>n\u00e3o tem espinhos s\u00f3 o doce do meu doce mel<\/p>\n\n\n\n<p>voc\u00ea vai ver vou lambuzar as suas asas.<\/p>\n\n\n\n<p>Oh oh oh quer me querer<\/p>\n\n\n\n<p>voar comigo<\/p>\n\n\n\n<p>vem vou te ensinar.<\/p>\n\n\n\n<p>Oh oh oh quer me seguir<\/p>\n\n\n\n<p>sonhar comigo<\/p>\n\n\n\n<p>voc\u00ea vai me amar.<\/p>\n\n\n\n<p>Oh oh oh quer me querer<\/p>\n\n\n\n<p>voar comigo vem<\/p>\n\n\n\n<p>vem vou te ensinar.<\/p>\n\n\n\n<p>Se voc\u00ea pousar no meu jardim<\/p>\n\n\n\n<p>vai conhecer a flor do verdadeiro amor<\/p>\n\n\n\n<p>no doce que \u00e9 voc\u00ea eu vou me lambuzar<\/p>\n\n\n\n<p>a nossa boca est\u00e1 querendo se beijar.<\/p>\n","protected":false},"excerpt":{"rendered":"<p>Mongol &amp; S\u00e9rgio D\u00e2maso Quer voar comigo at\u00e9 meu jardim voc\u00ea vai ver conhe\u00e7o bem esse caminho n\u00e3o tem espinhos s\u00f3 o doce do meu doce mel voc\u00ea vai ver vou lambuzar as suas asas. Oh oh oh quer me querer voar comigo vem vou te ensinar. Oh oh oh quer me seguir sonhar comigo [&hellip;]<\/p>\n","protected":false},"author":1,"featured_media":0,"parent":0,"menu_order":0,"comment_status":"closed","ping_status":"closed","template":"","meta":[],"_links":{"self":[{"href":"https:\/\/sergiodamaso.com.br\/index.php\/wp-json\/wp\/v2\/pages\/746"}],"collection":[{"href":"https:\/\/sergiodamaso.com.br\/index.php\/wp-json\/wp\/v2\/pages"}],"about":[{"href":"https:\/\/sergiodamaso.com.br\/index.php\/wp-json\/wp\/v2\/types\/page"}],"author":[{"embeddable":true,"href":"https:\/\/sergiodamaso.com.br\/index.php\/wp-json\/wp\/v2\/users\/1"}],"replies":[{"embeddable":true,"href":"https:\/\/sergiodamaso.com.br\/index.php\/wp-json\/wp\/v2\/comments?post=746"}],"version-history":[{"count":1,"href":"https:\/\/sergiodamaso.com.br\/index.php\/wp-json\/wp\/v2\/pages\/746\/revisions"}],"predecessor-version":[{"id":748,"href":"https:\/\/sergiodamaso.com.br\/index.php\/wp-json\/wp\/v2\/pages\/746\/revisions\/748"}],"wp:attachment":[{"href":"https:\/\/sergiodamaso.com.br\/index.php\/wp-json\/wp\/v2\/media?parent=746"}],"curies":[{"name":"wp","href":"https:\/\/api.w.org\/{rel}","templated":true}]}}