{"id":743,"date":"2024-03-03T15:49:26","date_gmt":"2024-03-03T18:49:26","guid":{"rendered":"https:\/\/sergiodamaso.com.br\/?page_id=743"},"modified":"2024-03-03T15:49:26","modified_gmt":"2024-03-03T18:49:26","slug":"quase-perto-do-ceu","status":"publish","type":"page","link":"https:\/\/sergiodamaso.com.br\/index.php\/quase-perto-do-ceu\/","title":{"rendered":"QUASE PERTO DO C\u00c9U"},"content":{"rendered":"\n<figure class=\"wp-block-audio\"><audio controls src=\"https:\/\/sergiodamaso.com.br\/wp-content\/uploads\/2024\/03\/quase-perto-do-ceu.mp3\"><\/audio><\/figure>\n\n\n\n<p><strong><em>Mongol &amp; S\u00e9rgio D\u00e2maso<\/em><\/strong><\/p>\n\n\n\n<p>Postei uma carta no correio num envelope pardo<\/p>\n\n\n\n<p>para o carteiro lev\u00e1-la no endere\u00e7o<\/p>\n\n\n\n<p>l\u00e1 no morro perto do c\u00e9u ela vai receb\u00ea-la.<\/p>\n\n\n\n<p>Registrada com AR selada pela minha boca<\/p>\n\n\n\n<p>ao abrir o envelope vai v\u00ea-lo em duas p\u00e1ginas<\/p>\n\n\n\n<p>sem rasuras nem frescuras minhas inten\u00e7\u00f5es.<\/p>\n\n\n\n<p>N\u00e3o d\u00e1 mais, teve que ser assim<\/p>\n\n\n\n<p>chegamos ao fim n\u00e3o est\u00e1 mais em mim<\/p>\n\n\n\n<p>j\u00e1 tentamos fizemos tudo pelo nosso amor<\/p>\n\n\n\n<p>agora \u00e9 s\u00f3 record\u00e1-lo pela minha carta.<\/p>\n","protected":false},"excerpt":{"rendered":"<p>Mongol &amp; S\u00e9rgio D\u00e2maso Postei uma carta no correio num envelope pardo para o carteiro lev\u00e1-la no endere\u00e7o l\u00e1 no morro perto do c\u00e9u ela vai receb\u00ea-la. Registrada com AR selada pela minha boca ao abrir o envelope vai v\u00ea-lo em duas p\u00e1ginas sem rasuras nem frescuras minhas inten\u00e7\u00f5es. N\u00e3o d\u00e1 mais, teve que ser [&hellip;]<\/p>\n","protected":false},"author":1,"featured_media":0,"parent":0,"menu_order":0,"comment_status":"closed","ping_status":"closed","template":"","meta":[],"_links":{"self":[{"href":"https:\/\/sergiodamaso.com.br\/index.php\/wp-json\/wp\/v2\/pages\/743"}],"collection":[{"href":"https:\/\/sergiodamaso.com.br\/index.php\/wp-json\/wp\/v2\/pages"}],"about":[{"href":"https:\/\/sergiodamaso.com.br\/index.php\/wp-json\/wp\/v2\/types\/page"}],"author":[{"embeddable":true,"href":"https:\/\/sergiodamaso.com.br\/index.php\/wp-json\/wp\/v2\/users\/1"}],"replies":[{"embeddable":true,"href":"https:\/\/sergiodamaso.com.br\/index.php\/wp-json\/wp\/v2\/comments?post=743"}],"version-history":[{"count":1,"href":"https:\/\/sergiodamaso.com.br\/index.php\/wp-json\/wp\/v2\/pages\/743\/revisions"}],"predecessor-version":[{"id":745,"href":"https:\/\/sergiodamaso.com.br\/index.php\/wp-json\/wp\/v2\/pages\/743\/revisions\/745"}],"wp:attachment":[{"href":"https:\/\/sergiodamaso.com.br\/index.php\/wp-json\/wp\/v2\/media?parent=743"}],"curies":[{"name":"wp","href":"https:\/\/api.w.org\/{rel}","templated":true}]}}