{"id":735,"date":"2024-03-03T15:46:25","date_gmt":"2024-03-03T18:46:25","guid":{"rendered":"https:\/\/sergiodamaso.com.br\/?page_id=735"},"modified":"2024-03-03T15:48:44","modified_gmt":"2024-03-03T18:48:44","slug":"quando-acordei","status":"publish","type":"page","link":"https:\/\/sergiodamaso.com.br\/index.php\/quando-acordei\/","title":{"rendered":"QUANDO ACORDEI"},"content":{"rendered":"\n<figure class=\"wp-block-audio\"><audio controls src=\"https:\/\/sergiodamaso.com.br\/wp-content\/uploads\/2024\/03\/quando-acordei-2.mp3\"><\/audio><\/figure>\n\n\n\n<p><strong><em>Mongol &amp; S\u00e9rgio D\u00e2maso<\/em><\/strong><\/p>\n\n\n\n<p>Quando acordei me lembrei de voc\u00ea<\/p>\n\n\n\n<p>sabia que n\u00e3o ia esquecer<\/p>\n\n\n\n<p>tudo que houve entre n\u00f3s<\/p>\n\n\n\n<p>n\u00e3o despreze esse nosso amor<\/p>\n\n\n\n<p>ele n\u00e3o foi um mist\u00e9rio<\/p>\n\n\n\n<p>foi um caso s\u00e9rio.<\/p>\n\n\n\n<p>Pois ainda te quero<\/p>\n\n\n\n<p>o tempo passa amores vem e v\u00e3o<\/p>\n\n\n\n<p>cora\u00e7\u00f5es se machucam at\u00e9 choram de paix\u00e3o.<\/p>\n\n\n\n<p>Pois ainda te quero<\/p>\n\n\n\n<p>quero te olhar nos olhos sentir no meu colo<\/p>\n\n\n\n<p>teu calor o teu prazer<\/p>\n\n\n\n<p>enquanto isso eu sinto saudade de voc\u00ea.<\/p>\n","protected":false},"excerpt":{"rendered":"<p>Mongol &amp; S\u00e9rgio D\u00e2maso Quando acordei me lembrei de voc\u00ea sabia que n\u00e3o ia esquecer tudo que houve entre n\u00f3s n\u00e3o despreze esse nosso amor ele n\u00e3o foi um mist\u00e9rio foi um caso s\u00e9rio. Pois ainda te quero o tempo passa amores vem e v\u00e3o cora\u00e7\u00f5es se machucam at\u00e9 choram de paix\u00e3o. Pois ainda te [&hellip;]<\/p>\n","protected":false},"author":1,"featured_media":0,"parent":0,"menu_order":0,"comment_status":"closed","ping_status":"closed","template":"","meta":[],"_links":{"self":[{"href":"https:\/\/sergiodamaso.com.br\/index.php\/wp-json\/wp\/v2\/pages\/735"}],"collection":[{"href":"https:\/\/sergiodamaso.com.br\/index.php\/wp-json\/wp\/v2\/pages"}],"about":[{"href":"https:\/\/sergiodamaso.com.br\/index.php\/wp-json\/wp\/v2\/types\/page"}],"author":[{"embeddable":true,"href":"https:\/\/sergiodamaso.com.br\/index.php\/wp-json\/wp\/v2\/users\/1"}],"replies":[{"embeddable":true,"href":"https:\/\/sergiodamaso.com.br\/index.php\/wp-json\/wp\/v2\/comments?post=735"}],"version-history":[{"count":3,"href":"https:\/\/sergiodamaso.com.br\/index.php\/wp-json\/wp\/v2\/pages\/735\/revisions"}],"predecessor-version":[{"id":742,"href":"https:\/\/sergiodamaso.com.br\/index.php\/wp-json\/wp\/v2\/pages\/735\/revisions\/742"}],"wp:attachment":[{"href":"https:\/\/sergiodamaso.com.br\/index.php\/wp-json\/wp\/v2\/media?parent=735"}],"curies":[{"name":"wp","href":"https:\/\/api.w.org\/{rel}","templated":true}]}}