{"id":732,"date":"2024-03-03T15:45:25","date_gmt":"2024-03-03T18:45:25","guid":{"rendered":"https:\/\/sergiodamaso.com.br\/?page_id=732"},"modified":"2024-03-03T15:45:25","modified_gmt":"2024-03-03T18:45:25","slug":"pode-chover-canivete","status":"publish","type":"page","link":"https:\/\/sergiodamaso.com.br\/index.php\/pode-chover-canivete\/","title":{"rendered":"PODE CHOVER CANIVETE"},"content":{"rendered":"\n<figure class=\"wp-block-audio\"><audio controls src=\"https:\/\/sergiodamaso.com.br\/wp-content\/uploads\/2024\/03\/Pode-chover-canivete.mp3\"><\/audio><\/figure>\n\n\n\n<p><strong><em>Mongol &amp; S\u00e9rgio D\u00e2maso<\/em><\/strong><\/p>\n\n\n\n<p>Farofa charuto galinha na encruzilhada eu vi eu vi<\/p>\n\n\n\n<p>vela preta acesa macumba pro santo trazer<\/p>\n\n\n\n<p>e corri de medo sem olhar pra tr\u00e1s<\/p>\n\n\n\n<p>tr\u00eas vezes rezei a todos os santos pedi<\/p>\n\n\n\n<p>sai de mim azar de mim sai.<\/p>\n\n\n\n<p>Mandinga n\u00e3o vai pegar<\/p>\n\n\n\n<p>pode chover canivete<\/p>\n\n\n\n<p>n\u00e3o vai colar em mim n\u00e3o vai.<\/p>\n\n\n\n<p>Todo perdido eu t\u00f4 Xang\u00f4 em mim est\u00e1<\/p>\n\n\n\n<p>minha Ians\u00e3 me protege dos males de l\u00e1.<\/p>\n","protected":false},"excerpt":{"rendered":"<p>Mongol &amp; S\u00e9rgio D\u00e2maso Farofa charuto galinha na encruzilhada eu vi eu vi vela preta acesa macumba pro santo trazer e corri de medo sem olhar pra tr\u00e1s tr\u00eas vezes rezei a todos os santos pedi sai de mim azar de mim sai. Mandinga n\u00e3o vai pegar pode chover canivete n\u00e3o vai colar em mim [&hellip;]<\/p>\n","protected":false},"author":1,"featured_media":0,"parent":0,"menu_order":0,"comment_status":"closed","ping_status":"closed","template":"","meta":[],"_links":{"self":[{"href":"https:\/\/sergiodamaso.com.br\/index.php\/wp-json\/wp\/v2\/pages\/732"}],"collection":[{"href":"https:\/\/sergiodamaso.com.br\/index.php\/wp-json\/wp\/v2\/pages"}],"about":[{"href":"https:\/\/sergiodamaso.com.br\/index.php\/wp-json\/wp\/v2\/types\/page"}],"author":[{"embeddable":true,"href":"https:\/\/sergiodamaso.com.br\/index.php\/wp-json\/wp\/v2\/users\/1"}],"replies":[{"embeddable":true,"href":"https:\/\/sergiodamaso.com.br\/index.php\/wp-json\/wp\/v2\/comments?post=732"}],"version-history":[{"count":1,"href":"https:\/\/sergiodamaso.com.br\/index.php\/wp-json\/wp\/v2\/pages\/732\/revisions"}],"predecessor-version":[{"id":734,"href":"https:\/\/sergiodamaso.com.br\/index.php\/wp-json\/wp\/v2\/pages\/732\/revisions\/734"}],"wp:attachment":[{"href":"https:\/\/sergiodamaso.com.br\/index.php\/wp-json\/wp\/v2\/media?parent=732"}],"curies":[{"name":"wp","href":"https:\/\/api.w.org\/{rel}","templated":true}]}}