{"id":729,"date":"2024-03-03T15:42:43","date_gmt":"2024-03-03T18:42:43","guid":{"rendered":"https:\/\/sergiodamaso.com.br\/?page_id=729"},"modified":"2024-03-03T15:42:43","modified_gmt":"2024-03-03T18:42:43","slug":"peso-e-medida","status":"publish","type":"page","link":"https:\/\/sergiodamaso.com.br\/index.php\/peso-e-medida\/","title":{"rendered":"PESO E MEDIDA"},"content":{"rendered":"\n<figure class=\"wp-block-audio\"><audio controls src=\"https:\/\/sergiodamaso.com.br\/wp-content\/uploads\/2024\/03\/peso-e-medida.mp3\"><\/audio><\/figure>\n\n\n\n<p><strong><em>Mongol &amp; S\u00e9rgio D\u00e2maso<\/em><\/strong><\/p>\n\n\n\n<p>Vou medir e depois pesar<\/p>\n\n\n\n<p>o que disse pra mim<\/p>\n\n\n\n<p>em polegadas e quilos<\/p>\n\n\n\n<p>e sua voz em decib\u00e9is.<\/p>\n\n\n\n<p>A intensidade da luz<\/p>\n\n\n\n<p>que surgiu s\u00f3 eu sei<\/p>\n\n\n\n<p>quando medi e pesei voc\u00ea<\/p>\n\n\n\n<p>foi aqu\u00e9m que a do sol.<\/p>\n\n\n\n<p>Quando o raio ilumina<\/p>\n\n\n\n<p>o som vem depois<\/p>\n\n\n\n<p>seguido do clar\u00e3o<\/p>\n\n\n\n<p>na escurid\u00e3o a clarear.<\/p>\n\n\n\n<p>N\u00e3o vejo medida e peso em voc\u00ea<\/p>\n\n\n\n<p>o brilho foi menor que uma luz de vela<\/p>\n\n\n\n<p>vamos aprender no escuro do sol<\/p>\n\n\n\n<p>na luz da noite medir pesar e saber falar.<\/p>\n","protected":false},"excerpt":{"rendered":"<p>Mongol &amp; S\u00e9rgio D\u00e2maso Vou medir e depois pesar o que disse pra mim em polegadas e quilos e sua voz em decib\u00e9is. A intensidade da luz que surgiu s\u00f3 eu sei quando medi e pesei voc\u00ea foi aqu\u00e9m que a do sol. Quando o raio ilumina o som vem depois seguido do clar\u00e3o na [&hellip;]<\/p>\n","protected":false},"author":1,"featured_media":0,"parent":0,"menu_order":0,"comment_status":"closed","ping_status":"closed","template":"","meta":[],"_links":{"self":[{"href":"https:\/\/sergiodamaso.com.br\/index.php\/wp-json\/wp\/v2\/pages\/729"}],"collection":[{"href":"https:\/\/sergiodamaso.com.br\/index.php\/wp-json\/wp\/v2\/pages"}],"about":[{"href":"https:\/\/sergiodamaso.com.br\/index.php\/wp-json\/wp\/v2\/types\/page"}],"author":[{"embeddable":true,"href":"https:\/\/sergiodamaso.com.br\/index.php\/wp-json\/wp\/v2\/users\/1"}],"replies":[{"embeddable":true,"href":"https:\/\/sergiodamaso.com.br\/index.php\/wp-json\/wp\/v2\/comments?post=729"}],"version-history":[{"count":1,"href":"https:\/\/sergiodamaso.com.br\/index.php\/wp-json\/wp\/v2\/pages\/729\/revisions"}],"predecessor-version":[{"id":731,"href":"https:\/\/sergiodamaso.com.br\/index.php\/wp-json\/wp\/v2\/pages\/729\/revisions\/731"}],"wp:attachment":[{"href":"https:\/\/sergiodamaso.com.br\/index.php\/wp-json\/wp\/v2\/media?parent=729"}],"curies":[{"name":"wp","href":"https:\/\/api.w.org\/{rel}","templated":true}]}}