{"id":726,"date":"2024-03-03T15:41:40","date_gmt":"2024-03-03T18:41:40","guid":{"rendered":"https:\/\/sergiodamaso.com.br\/?page_id=726"},"modified":"2024-03-03T15:41:40","modified_gmt":"2024-03-03T18:41:40","slug":"pega-leve-meu-bem","status":"publish","type":"page","link":"https:\/\/sergiodamaso.com.br\/index.php\/pega-leve-meu-bem\/","title":{"rendered":"PEGA LEVE MEU BEM"},"content":{"rendered":"\n<figure class=\"wp-block-audio\"><audio controls src=\"https:\/\/sergiodamaso.com.br\/wp-content\/uploads\/2024\/03\/pega-leve-meu-bem.mp3\"><\/audio><\/figure>\n\n\n\n<p><strong><em>Mongol &amp; S\u00e9rgio D\u00e2maso<\/em><\/strong><\/p>\n\n\n\n<p>Pega leve meu bem<\/p>\n\n\n\n<p>que eu quero ser seu bem<\/p>\n\n\n\n<p>eu s\u00f3 quero te mostrar<\/p>\n\n\n\n<p>que voc\u00ea \u00e9 meu bem tamb\u00e9m.<\/p>\n\n\n\n<p>Vem comigo sentir<\/p>\n\n\n\n<p>vem comigo na can\u00e7\u00e3o<\/p>\n\n\n\n<p>vem comigo dividir<\/p>\n\n\n\n<p>nosso amor nossa paix\u00e3o.<\/p>\n\n\n\n<p>N\u00e3o \u00e9 desilus\u00e3o n\u00e3o \u00e9<\/p>\n\n\n\n<p>\u00e9 a mais pura verdade<\/p>\n\n\n\n<p>\u00e9 a mais pura realidade<\/p>\n\n\n\n<p>voc\u00ea \u00e9 minha e eu sou seu tamb\u00e9m.<\/p>\n\n\n\n<p>Voc\u00ea me faz levitar<\/p>\n\n\n\n<p>voc\u00ea s\u00f3 me faz lembrar<\/p>\n\n\n\n<p>o lado bom da vida<\/p>\n\n\n\n<p>\u00e9 s\u00f3 acreditar quando me vir tamb\u00e9m.<\/p>\n","protected":false},"excerpt":{"rendered":"<p>Mongol &amp; S\u00e9rgio D\u00e2maso Pega leve meu bem que eu quero ser seu bem eu s\u00f3 quero te mostrar que voc\u00ea \u00e9 meu bem tamb\u00e9m. Vem comigo sentir vem comigo na can\u00e7\u00e3o vem comigo dividir nosso amor nossa paix\u00e3o. N\u00e3o \u00e9 desilus\u00e3o n\u00e3o \u00e9 \u00e9 a mais pura verdade \u00e9 a mais pura realidade voc\u00ea [&hellip;]<\/p>\n","protected":false},"author":1,"featured_media":0,"parent":0,"menu_order":0,"comment_status":"closed","ping_status":"closed","template":"","meta":[],"_links":{"self":[{"href":"https:\/\/sergiodamaso.com.br\/index.php\/wp-json\/wp\/v2\/pages\/726"}],"collection":[{"href":"https:\/\/sergiodamaso.com.br\/index.php\/wp-json\/wp\/v2\/pages"}],"about":[{"href":"https:\/\/sergiodamaso.com.br\/index.php\/wp-json\/wp\/v2\/types\/page"}],"author":[{"embeddable":true,"href":"https:\/\/sergiodamaso.com.br\/index.php\/wp-json\/wp\/v2\/users\/1"}],"replies":[{"embeddable":true,"href":"https:\/\/sergiodamaso.com.br\/index.php\/wp-json\/wp\/v2\/comments?post=726"}],"version-history":[{"count":1,"href":"https:\/\/sergiodamaso.com.br\/index.php\/wp-json\/wp\/v2\/pages\/726\/revisions"}],"predecessor-version":[{"id":728,"href":"https:\/\/sergiodamaso.com.br\/index.php\/wp-json\/wp\/v2\/pages\/726\/revisions\/728"}],"wp:attachment":[{"href":"https:\/\/sergiodamaso.com.br\/index.php\/wp-json\/wp\/v2\/media?parent=726"}],"curies":[{"name":"wp","href":"https:\/\/api.w.org\/{rel}","templated":true}]}}