{"id":718,"date":"2024-03-03T15:38:39","date_gmt":"2024-03-03T18:38:39","guid":{"rendered":"https:\/\/sergiodamaso.com.br\/?page_id=718"},"modified":"2024-03-03T15:40:49","modified_gmt":"2024-03-03T18:40:49","slug":"papel-almaco","status":"publish","type":"page","link":"https:\/\/sergiodamaso.com.br\/index.php\/papel-almaco\/","title":{"rendered":"PAPEL ALMA\u00c7O"},"content":{"rendered":"\n<figure class=\"wp-block-audio\"><audio controls src=\"https:\/\/sergiodamaso.com.br\/wp-content\/uploads\/2024\/03\/papel-almaco-2.mp3\"><\/audio><\/figure>\n\n\n\n<p><strong><em>Mongol &amp; S\u00e9rgio D\u00e2maso<\/em><\/strong><\/p>\n\n\n\n<p>Vou escrever em todas as linhas<\/p>\n\n\n\n<p>com caneta esferogr\u00e1fica<\/p>\n\n\n\n<p>papel alma\u00e7o de cima a baixo.<\/p>\n\n\n\n<p>No cabe\u00e7alho escrevi<\/p>\n\n\n\n<p>seu nome completo<\/p>\n\n\n\n<p>para come\u00e7ar a minha carta<\/p>\n\n\n\n<p>de cima a baixo.<\/p>\n\n\n\n<p>Revelar ela vai<\/p>\n\n\n\n<p>em suas linhas tortas<\/p>\n\n\n\n<p>minhas vontades retas<\/p>\n\n\n\n<p>papel alma\u00e7o.<\/p>\n\n\n\n<p>Resolvi escrever<\/p>\n\n\n\n<p>pra quem sabe entender<\/p>\n\n\n\n<p>nas palavras retas ou tortas<\/p>\n\n\n\n<p>minha vontade de voc\u00ea.<\/p>\n","protected":false},"excerpt":{"rendered":"<p>Mongol &amp; S\u00e9rgio D\u00e2maso Vou escrever em todas as linhas com caneta esferogr\u00e1fica papel alma\u00e7o de cima a baixo. No cabe\u00e7alho escrevi seu nome completo para come\u00e7ar a minha carta de cima a baixo. Revelar ela vai em suas linhas tortas minhas vontades retas papel alma\u00e7o. Resolvi escrever pra quem sabe entender nas palavras retas [&hellip;]<\/p>\n","protected":false},"author":1,"featured_media":0,"parent":0,"menu_order":0,"comment_status":"closed","ping_status":"closed","template":"","meta":[],"_links":{"self":[{"href":"https:\/\/sergiodamaso.com.br\/index.php\/wp-json\/wp\/v2\/pages\/718"}],"collection":[{"href":"https:\/\/sergiodamaso.com.br\/index.php\/wp-json\/wp\/v2\/pages"}],"about":[{"href":"https:\/\/sergiodamaso.com.br\/index.php\/wp-json\/wp\/v2\/types\/page"}],"author":[{"embeddable":true,"href":"https:\/\/sergiodamaso.com.br\/index.php\/wp-json\/wp\/v2\/users\/1"}],"replies":[{"embeddable":true,"href":"https:\/\/sergiodamaso.com.br\/index.php\/wp-json\/wp\/v2\/comments?post=718"}],"version-history":[{"count":3,"href":"https:\/\/sergiodamaso.com.br\/index.php\/wp-json\/wp\/v2\/pages\/718\/revisions"}],"predecessor-version":[{"id":725,"href":"https:\/\/sergiodamaso.com.br\/index.php\/wp-json\/wp\/v2\/pages\/718\/revisions\/725"}],"wp:attachment":[{"href":"https:\/\/sergiodamaso.com.br\/index.php\/wp-json\/wp\/v2\/media?parent=718"}],"curies":[{"name":"wp","href":"https:\/\/api.w.org\/{rel}","templated":true}]}}