{"id":715,"date":"2024-03-03T15:37:34","date_gmt":"2024-03-03T18:37:34","guid":{"rendered":"https:\/\/sergiodamaso.com.br\/?page_id=715"},"modified":"2024-03-03T15:37:34","modified_gmt":"2024-03-03T18:37:34","slug":"o-sol-do-novo-dia","status":"publish","type":"page","link":"https:\/\/sergiodamaso.com.br\/index.php\/o-sol-do-novo-dia\/","title":{"rendered":"O SOL DO NOVO DIA"},"content":{"rendered":"\n<figure class=\"wp-block-audio\"><audio controls src=\"https:\/\/sergiodamaso.com.br\/wp-content\/uploads\/2024\/03\/o-sol-do-novo-dia.mp3\"><\/audio><\/figure>\n\n\n\n<p><strong><em>&nbsp;Mongol &amp; S\u00e9rgio D\u00e2maso<\/em><\/strong><\/p>\n\n\n\n<p>O amor cura a dor<\/p>\n\n\n\n<p>quando menos esperamos<\/p>\n\n\n\n<p>chega o dia e o sol<\/p>\n\n\n\n<p>o sol ir\u00e1 brilhar<\/p>\n\n\n\n<p>em nossos cora\u00e7\u00f5es<\/p>\n\n\n\n<p>eu sei que brilhar\u00e1.<\/p>\n\n\n\n<p>N\u00f3s iremos sorrir nos abra\u00e7aremos nos amaremos mais<\/p>\n\n\n\n<p>estaremos felizes seremos mais felizes por mais um dia.<\/p>\n\n\n\n<p>Veja como as esta\u00e7\u00f5es<\/p>\n\n\n\n<p>trazem flores e calor<\/p>\n\n\n\n<p>e as can\u00e7\u00f5es no vento.<\/p>\n\n\n\n<p>Como presente do c\u00e9u<\/p>\n\n\n\n<p>mesmo pode at\u00e9 nevar<\/p>\n\n\n\n<p>mas eu sei que o sol brilhar\u00e1<\/p>\n","protected":false},"excerpt":{"rendered":"<p>&nbsp;Mongol &amp; S\u00e9rgio D\u00e2maso O amor cura a dor quando menos esperamos chega o dia e o sol o sol ir\u00e1 brilhar em nossos cora\u00e7\u00f5es eu sei que brilhar\u00e1. N\u00f3s iremos sorrir nos abra\u00e7aremos nos amaremos mais estaremos felizes seremos mais felizes por mais um dia. Veja como as esta\u00e7\u00f5es trazem flores e calor e [&hellip;]<\/p>\n","protected":false},"author":1,"featured_media":0,"parent":0,"menu_order":0,"comment_status":"closed","ping_status":"closed","template":"","meta":[],"_links":{"self":[{"href":"https:\/\/sergiodamaso.com.br\/index.php\/wp-json\/wp\/v2\/pages\/715"}],"collection":[{"href":"https:\/\/sergiodamaso.com.br\/index.php\/wp-json\/wp\/v2\/pages"}],"about":[{"href":"https:\/\/sergiodamaso.com.br\/index.php\/wp-json\/wp\/v2\/types\/page"}],"author":[{"embeddable":true,"href":"https:\/\/sergiodamaso.com.br\/index.php\/wp-json\/wp\/v2\/users\/1"}],"replies":[{"embeddable":true,"href":"https:\/\/sergiodamaso.com.br\/index.php\/wp-json\/wp\/v2\/comments?post=715"}],"version-history":[{"count":1,"href":"https:\/\/sergiodamaso.com.br\/index.php\/wp-json\/wp\/v2\/pages\/715\/revisions"}],"predecessor-version":[{"id":717,"href":"https:\/\/sergiodamaso.com.br\/index.php\/wp-json\/wp\/v2\/pages\/715\/revisions\/717"}],"wp:attachment":[{"href":"https:\/\/sergiodamaso.com.br\/index.php\/wp-json\/wp\/v2\/media?parent=715"}],"curies":[{"name":"wp","href":"https:\/\/api.w.org\/{rel}","templated":true}]}}