{"id":712,"date":"2024-03-03T15:36:09","date_gmt":"2024-03-03T18:36:09","guid":{"rendered":"https:\/\/sergiodamaso.com.br\/?page_id=712"},"modified":"2024-03-03T15:36:09","modified_gmt":"2024-03-03T18:36:09","slug":"noite","status":"publish","type":"page","link":"https:\/\/sergiodamaso.com.br\/index.php\/noite\/","title":{"rendered":"NOITE"},"content":{"rendered":"\n<figure class=\"wp-block-audio\"><audio controls src=\"https:\/\/sergiodamaso.com.br\/wp-content\/uploads\/2024\/03\/noite.mp3\"><\/audio><\/figure>\n\n\n\n<p><strong><em>Mongol &amp; S\u00e9rgio D\u00e2maso<\/em><\/strong><\/p>\n\n\n\n<p>Ah! Ah! Ah!<\/p>\n\n\n\n<p>Noite como p\u00f4de me machucar<\/p>\n\n\n\n<p>fazendo eu lembrar do meu amor<\/p>\n\n\n\n<p>do sorriso e do beijo dela<\/p>\n\n\n\n<p>do fundo do fundo do meu cora\u00e7\u00e3o.<\/p>\n\n\n\n<p>Ah! ah! ah!<\/p>\n\n\n\n<p>Tristeza como p\u00f4de fazer parte<\/p>\n\n\n\n<p>dessa noite essa noite essa noite da madrugada<\/p>\n\n\n\n<p>em que ela n\u00e3o estava<\/p>\n\n\n\n<p>sozinho sozinho eu fiquei<\/p>\n\n\n\n<p>s\u00f3 eu e meu cora\u00e7\u00e3o.<\/p>\n\n\n\n<p>Ah! ah! ah!<\/p>\n\n\n\n<p>Felicidade t\u00e3o linda felicidade<\/p>\n\n\n\n<p>onde irei te encontrar novamente<\/p>\n\n\n\n<p>na ilus\u00e3o da minha vida ou nessa can\u00e7\u00e3o.<\/p>\n","protected":false},"excerpt":{"rendered":"<p>Mongol &amp; S\u00e9rgio D\u00e2maso Ah! Ah! Ah! Noite como p\u00f4de me machucar fazendo eu lembrar do meu amor do sorriso e do beijo dela do fundo do fundo do meu cora\u00e7\u00e3o. Ah! ah! ah! Tristeza como p\u00f4de fazer parte dessa noite essa noite essa noite da madrugada em que ela n\u00e3o estava sozinho sozinho eu [&hellip;]<\/p>\n","protected":false},"author":1,"featured_media":0,"parent":0,"menu_order":0,"comment_status":"closed","ping_status":"closed","template":"","meta":[],"_links":{"self":[{"href":"https:\/\/sergiodamaso.com.br\/index.php\/wp-json\/wp\/v2\/pages\/712"}],"collection":[{"href":"https:\/\/sergiodamaso.com.br\/index.php\/wp-json\/wp\/v2\/pages"}],"about":[{"href":"https:\/\/sergiodamaso.com.br\/index.php\/wp-json\/wp\/v2\/types\/page"}],"author":[{"embeddable":true,"href":"https:\/\/sergiodamaso.com.br\/index.php\/wp-json\/wp\/v2\/users\/1"}],"replies":[{"embeddable":true,"href":"https:\/\/sergiodamaso.com.br\/index.php\/wp-json\/wp\/v2\/comments?post=712"}],"version-history":[{"count":1,"href":"https:\/\/sergiodamaso.com.br\/index.php\/wp-json\/wp\/v2\/pages\/712\/revisions"}],"predecessor-version":[{"id":714,"href":"https:\/\/sergiodamaso.com.br\/index.php\/wp-json\/wp\/v2\/pages\/712\/revisions\/714"}],"wp:attachment":[{"href":"https:\/\/sergiodamaso.com.br\/index.php\/wp-json\/wp\/v2\/media?parent=712"}],"curies":[{"name":"wp","href":"https:\/\/api.w.org\/{rel}","templated":true}]}}