{"id":709,"date":"2024-03-03T15:35:08","date_gmt":"2024-03-03T18:35:08","guid":{"rendered":"https:\/\/sergiodamaso.com.br\/?page_id=709"},"modified":"2024-03-03T15:35:09","modified_gmt":"2024-03-03T18:35:09","slug":"nao-te-telefonarei-jamais","status":"publish","type":"page","link":"https:\/\/sergiodamaso.com.br\/index.php\/nao-te-telefonarei-jamais\/","title":{"rendered":"N\u00c3O TE TELEFONAREI JAMAIS"},"content":{"rendered":"\n<figure class=\"wp-block-audio\"><audio controls src=\"https:\/\/sergiodamaso.com.br\/wp-content\/uploads\/2024\/03\/nao-te-telefonarei-jamais.mp3\"><\/audio><\/figure>\n\n\n\n<p><strong><em>Mongol &amp; S\u00e9rgio D\u00e2maso<\/em><\/strong><\/p>\n\n\n\n<p>N\u00e3o te telefonarei jamais<\/p>\n\n\n\n<p>eu nunca mais<\/p>\n\n\n\n<p>pode pedir ou at\u00e9 chorar<\/p>\n\n\n\n<p>eu nunca mais vou lhe telefonar. (eu n\u00e3o)<\/p>\n\n\n\n<p>Vazei sa\u00ed de fininho<\/p>\n\n\n\n<p>devagarinho sem voc\u00ea perceber<\/p>\n\n\n\n<p>olhe o que voc\u00ea deixou pra tr\u00e1s<\/p>\n\n\n\n<p>o que voc\u00ea perdeu meu cora\u00e7\u00e3o<\/p>\n\n\n\n<p>e minha paix\u00e3o. (eu dei)<\/p>\n\n\n\n<p>Pode acreditar meu bem<\/p>\n\n\n\n<p>na sua mentira<\/p>\n\n\n\n<p>pode duvidar meu bem<\/p>\n\n\n\n<p>da minha verdade<\/p>\n\n\n\n<p>nada mais importa<\/p>\n\n\n\n<p>eu em voc\u00ea voc\u00ea em mim voc\u00ea e eu.<\/p>\n","protected":false},"excerpt":{"rendered":"<p>Mongol &amp; S\u00e9rgio D\u00e2maso N\u00e3o te telefonarei jamais eu nunca mais pode pedir ou at\u00e9 chorar eu nunca mais vou lhe telefonar. (eu n\u00e3o) Vazei sa\u00ed de fininho devagarinho sem voc\u00ea perceber olhe o que voc\u00ea deixou pra tr\u00e1s o que voc\u00ea perdeu meu cora\u00e7\u00e3o e minha paix\u00e3o. (eu dei) Pode acreditar meu bem na [&hellip;]<\/p>\n","protected":false},"author":1,"featured_media":0,"parent":0,"menu_order":0,"comment_status":"closed","ping_status":"closed","template":"","meta":[],"_links":{"self":[{"href":"https:\/\/sergiodamaso.com.br\/index.php\/wp-json\/wp\/v2\/pages\/709"}],"collection":[{"href":"https:\/\/sergiodamaso.com.br\/index.php\/wp-json\/wp\/v2\/pages"}],"about":[{"href":"https:\/\/sergiodamaso.com.br\/index.php\/wp-json\/wp\/v2\/types\/page"}],"author":[{"embeddable":true,"href":"https:\/\/sergiodamaso.com.br\/index.php\/wp-json\/wp\/v2\/users\/1"}],"replies":[{"embeddable":true,"href":"https:\/\/sergiodamaso.com.br\/index.php\/wp-json\/wp\/v2\/comments?post=709"}],"version-history":[{"count":1,"href":"https:\/\/sergiodamaso.com.br\/index.php\/wp-json\/wp\/v2\/pages\/709\/revisions"}],"predecessor-version":[{"id":711,"href":"https:\/\/sergiodamaso.com.br\/index.php\/wp-json\/wp\/v2\/pages\/709\/revisions\/711"}],"wp:attachment":[{"href":"https:\/\/sergiodamaso.com.br\/index.php\/wp-json\/wp\/v2\/media?parent=709"}],"curies":[{"name":"wp","href":"https:\/\/api.w.org\/{rel}","templated":true}]}}