{"id":706,"date":"2024-03-03T15:27:02","date_gmt":"2024-03-03T18:27:02","guid":{"rendered":"https:\/\/sergiodamaso.com.br\/?page_id=706"},"modified":"2024-03-03T15:27:02","modified_gmt":"2024-03-03T18:27:02","slug":"nao-lembro-mais-de-voce","status":"publish","type":"page","link":"https:\/\/sergiodamaso.com.br\/index.php\/nao-lembro-mais-de-voce\/","title":{"rendered":"N\u00c3O LEMBRO MAIS DE VOC\u00ca"},"content":{"rendered":"\n<figure class=\"wp-block-audio\"><audio controls src=\"https:\/\/sergiodamaso.com.br\/wp-content\/uploads\/2024\/03\/nao-lembro-mais-de-voce.mp3\"><\/audio><\/figure>\n\n\n\n<p><strong><em>Mongol &amp; S\u00e9rgio D\u00e2maso<\/em><\/strong><\/p>\n\n\n\n<p>N\u00e3o lembro mais de voc\u00ea<\/p>\n\n\n\n<p>nosso passado \u00e9 um copo vazio<\/p>\n\n\n\n<p>um rio sem \u00e1gua um c\u00e9u sem sol.<\/p>\n\n\n\n<p>Uma carta sem destino<\/p>\n\n\n\n<p>um p\u00e1ssaro que voa sem rumo sem prumo<\/p>\n\n\n\n<p>uma palavra que n\u00e3o ecoa<\/p>\n\n\n\n<p>no v\u00e1cuo do meu cora\u00e7\u00e3o.<\/p>\n\n\n\n<p>Sem querer sigo sem querer<\/p>\n\n\n\n<p>acreditar no fim no come\u00e7o de n\u00f3s dois tr\u00eas ou quatro<\/p>\n\n\n\n<p>se eu dividir voc\u00ea nada vai sobrar<\/p>\n\n\n\n<p>pra contar e somar na verdade ou na mentira.<\/p>\n","protected":false},"excerpt":{"rendered":"<p>Mongol &amp; S\u00e9rgio D\u00e2maso N\u00e3o lembro mais de voc\u00ea nosso passado \u00e9 um copo vazio um rio sem \u00e1gua um c\u00e9u sem sol. Uma carta sem destino um p\u00e1ssaro que voa sem rumo sem prumo uma palavra que n\u00e3o ecoa no v\u00e1cuo do meu cora\u00e7\u00e3o. Sem querer sigo sem querer acreditar no fim no come\u00e7o [&hellip;]<\/p>\n","protected":false},"author":1,"featured_media":0,"parent":0,"menu_order":0,"comment_status":"closed","ping_status":"closed","template":"","meta":[],"_links":{"self":[{"href":"https:\/\/sergiodamaso.com.br\/index.php\/wp-json\/wp\/v2\/pages\/706"}],"collection":[{"href":"https:\/\/sergiodamaso.com.br\/index.php\/wp-json\/wp\/v2\/pages"}],"about":[{"href":"https:\/\/sergiodamaso.com.br\/index.php\/wp-json\/wp\/v2\/types\/page"}],"author":[{"embeddable":true,"href":"https:\/\/sergiodamaso.com.br\/index.php\/wp-json\/wp\/v2\/users\/1"}],"replies":[{"embeddable":true,"href":"https:\/\/sergiodamaso.com.br\/index.php\/wp-json\/wp\/v2\/comments?post=706"}],"version-history":[{"count":1,"href":"https:\/\/sergiodamaso.com.br\/index.php\/wp-json\/wp\/v2\/pages\/706\/revisions"}],"predecessor-version":[{"id":708,"href":"https:\/\/sergiodamaso.com.br\/index.php\/wp-json\/wp\/v2\/pages\/706\/revisions\/708"}],"wp:attachment":[{"href":"https:\/\/sergiodamaso.com.br\/index.php\/wp-json\/wp\/v2\/media?parent=706"}],"curies":[{"name":"wp","href":"https:\/\/api.w.org\/{rel}","templated":true}]}}