{"id":697,"date":"2024-03-03T15:17:35","date_gmt":"2024-03-03T18:17:35","guid":{"rendered":"https:\/\/sergiodamaso.com.br\/?page_id=697"},"modified":"2024-03-03T15:17:36","modified_gmt":"2024-03-03T18:17:36","slug":"meu-sabonete","status":"publish","type":"page","link":"https:\/\/sergiodamaso.com.br\/index.php\/meu-sabonete\/","title":{"rendered":"MEU SABONETE"},"content":{"rendered":"\n<figure class=\"wp-block-audio\"><audio controls src=\"https:\/\/sergiodamaso.com.br\/wp-content\/uploads\/2024\/03\/meu-sabonete.mp3\"><\/audio><\/figure>\n\n\n\n<p><strong><em>Mongol &amp; S\u00e9rgio D\u00e2maso<\/em><\/strong><strong><em><\/em><\/strong><\/p>\n\n\n\n<p>Meu sabonete \u00e9 de coco doce que ensaboa<\/p>\n\n\n\n<p>e fez de voc\u00ea uma espuma a deslizar sobre mim<\/p>\n\n\n\n<p>escorrendo sobre meu corpo seu cheiro e seu sabor<\/p>\n\n\n\n<p>que fica e n\u00e3o sai ao me percorrer.<\/p>\n\n\n\n<p>\u00c1gua cai do chuveiro sobre mim<\/p>\n\n\n\n<p>querendo tirar do meu corpo e n\u00e3o consegue<\/p>\n\n\n\n<p>pode cair \u00e1gua quente \u00e1gua fria<\/p>\n\n\n\n<p>ela \u00e9 minha espuma n\u00e3o sai n\u00e3o sai de mim.<\/p>\n","protected":false},"excerpt":{"rendered":"<p>Mongol &amp; S\u00e9rgio D\u00e2maso Meu sabonete \u00e9 de coco doce que ensaboa e fez de voc\u00ea uma espuma a deslizar sobre mim escorrendo sobre meu corpo seu cheiro e seu sabor que fica e n\u00e3o sai ao me percorrer. \u00c1gua cai do chuveiro sobre mim querendo tirar do meu corpo e n\u00e3o consegue pode cair [&hellip;]<\/p>\n","protected":false},"author":1,"featured_media":0,"parent":0,"menu_order":0,"comment_status":"closed","ping_status":"closed","template":"","meta":[],"_links":{"self":[{"href":"https:\/\/sergiodamaso.com.br\/index.php\/wp-json\/wp\/v2\/pages\/697"}],"collection":[{"href":"https:\/\/sergiodamaso.com.br\/index.php\/wp-json\/wp\/v2\/pages"}],"about":[{"href":"https:\/\/sergiodamaso.com.br\/index.php\/wp-json\/wp\/v2\/types\/page"}],"author":[{"embeddable":true,"href":"https:\/\/sergiodamaso.com.br\/index.php\/wp-json\/wp\/v2\/users\/1"}],"replies":[{"embeddable":true,"href":"https:\/\/sergiodamaso.com.br\/index.php\/wp-json\/wp\/v2\/comments?post=697"}],"version-history":[{"count":1,"href":"https:\/\/sergiodamaso.com.br\/index.php\/wp-json\/wp\/v2\/pages\/697\/revisions"}],"predecessor-version":[{"id":699,"href":"https:\/\/sergiodamaso.com.br\/index.php\/wp-json\/wp\/v2\/pages\/697\/revisions\/699"}],"wp:attachment":[{"href":"https:\/\/sergiodamaso.com.br\/index.php\/wp-json\/wp\/v2\/media?parent=697"}],"curies":[{"name":"wp","href":"https:\/\/api.w.org\/{rel}","templated":true}]}}