{"id":694,"date":"2024-03-03T15:16:26","date_gmt":"2024-03-03T18:16:26","guid":{"rendered":"https:\/\/sergiodamaso.com.br\/?page_id=694"},"modified":"2024-03-03T15:16:26","modified_gmt":"2024-03-03T18:16:26","slug":"meu-primeiro-amor","status":"publish","type":"page","link":"https:\/\/sergiodamaso.com.br\/index.php\/meu-primeiro-amor\/","title":{"rendered":"MEU PRIMEIRO AMOR"},"content":{"rendered":"\n<figure class=\"wp-block-audio\"><audio controls src=\"https:\/\/sergiodamaso.com.br\/wp-content\/uploads\/2024\/03\/meu-primeiro-amor.mp3\"><\/audio><\/figure>\n\n\n\n<p><strong><em>Mongol &amp; S\u00e9rgio D\u00e2maso<\/em><\/strong><\/p>\n\n\n\n<p>Meu primeiro olhar foi assim<\/p>\n\n\n\n<p>pra ela me ver dan\u00e7ar<\/p>\n\n\n\n<p>esperando ela chegar perto de mim tamb\u00e9m.<\/p>\n\n\n\n<p>Nosso primeiro abra\u00e7o foi assim<\/p>\n\n\n\n<p>colado e t\u00e3o apertado<\/p>\n\n\n\n<p>que molhei o seu rosto lindo a me olhar.<\/p>\n\n\n\n<p>Nosso primeiro beijo foi assim<\/p>\n\n\n\n<p>t\u00e3o louco que nem sei<\/p>\n\n\n\n<p>tirei todo batom da sua boca molhada.<\/p>\n\n\n\n<p>Meu primeiro amor foi assim<\/p>\n\n\n\n<p>t\u00e3o doido e maluco<\/p>\n\n\n\n<p>que eu at\u00e9 hoje n\u00e3o esque\u00e7o de meu bem.<\/p>\n\n\n\n<p>Do you wanna dance and hold my hand<\/p>\n\n\n\n<p>Tell me that i\u2019m your man baby<\/p>\n\n\n\n<p>Do you do you do you do you wanna dance.<\/p>\n","protected":false},"excerpt":{"rendered":"<p>Mongol &amp; S\u00e9rgio D\u00e2maso Meu primeiro olhar foi assim pra ela me ver dan\u00e7ar esperando ela chegar perto de mim tamb\u00e9m. Nosso primeiro abra\u00e7o foi assim colado e t\u00e3o apertado que molhei o seu rosto lindo a me olhar. Nosso primeiro beijo foi assim t\u00e3o louco que nem sei tirei todo batom da sua boca [&hellip;]<\/p>\n","protected":false},"author":1,"featured_media":0,"parent":0,"menu_order":0,"comment_status":"closed","ping_status":"closed","template":"","meta":[],"_links":{"self":[{"href":"https:\/\/sergiodamaso.com.br\/index.php\/wp-json\/wp\/v2\/pages\/694"}],"collection":[{"href":"https:\/\/sergiodamaso.com.br\/index.php\/wp-json\/wp\/v2\/pages"}],"about":[{"href":"https:\/\/sergiodamaso.com.br\/index.php\/wp-json\/wp\/v2\/types\/page"}],"author":[{"embeddable":true,"href":"https:\/\/sergiodamaso.com.br\/index.php\/wp-json\/wp\/v2\/users\/1"}],"replies":[{"embeddable":true,"href":"https:\/\/sergiodamaso.com.br\/index.php\/wp-json\/wp\/v2\/comments?post=694"}],"version-history":[{"count":1,"href":"https:\/\/sergiodamaso.com.br\/index.php\/wp-json\/wp\/v2\/pages\/694\/revisions"}],"predecessor-version":[{"id":696,"href":"https:\/\/sergiodamaso.com.br\/index.php\/wp-json\/wp\/v2\/pages\/694\/revisions\/696"}],"wp:attachment":[{"href":"https:\/\/sergiodamaso.com.br\/index.php\/wp-json\/wp\/v2\/media?parent=694"}],"curies":[{"name":"wp","href":"https:\/\/api.w.org\/{rel}","templated":true}]}}