{"id":685,"date":"2024-03-03T15:10:42","date_gmt":"2024-03-03T18:10:42","guid":{"rendered":"https:\/\/sergiodamaso.com.br\/?page_id=685"},"modified":"2024-03-03T15:10:42","modified_gmt":"2024-03-03T18:10:42","slug":"galo-doido","status":"publish","type":"page","link":"https:\/\/sergiodamaso.com.br\/index.php\/galo-doido\/","title":{"rendered":"GALO DOIDO"},"content":{"rendered":"\n<figure class=\"wp-block-audio\"><audio controls src=\"https:\/\/sergiodamaso.com.br\/wp-content\/uploads\/2024\/03\/galo-doido.mp3\"><\/audio><\/figure>\n\n\n\n<p><strong><em>Mongol &amp; S\u00e9rgio D\u00e2maso<\/em><\/strong><\/p>\n\n\n\n<p>Oh oh oh oh oh oh oh oh oh Galo<\/p>\n\n\n\n<p>sou galo doido caixa caixa galera<\/p>\n\n\n\n<p>\u00e9 gol do galo caixa caixa galera.<\/p>\n\n\n\n<p>Sou galo e n\u00e3o nego a ra\u00e7a<\/p>\n\n\n\n<p>sou caixa na hora do gol<\/p>\n\n\n\n<p>driblando para marcar<\/p>\n\n\n\n<p>\u00e9 s\u00f3 correr pra galera e cantar.<\/p>\n\n\n\n<p>Se cair no horto, \u00e9 certo que estar\u00e1 morto<\/p>\n\n\n\n<p>ser\u00e1 caix\u00e3o e vela a iluminar a galoucura e a galera.<\/p>\n\n\n\n<p>Sou galo sou amor em preto e branco<\/p>\n\n\n\n<p>no quintal s\u00f3 d\u00e1 galo se entrar vai dan\u00e7ar vamos ganhar<\/p>\n\n\n\n<p>Atl\u00e9tico paix\u00e3o e emo\u00e7\u00e3o<\/p>\n\n\n\n<p>dale galo nos somos a festa e a massa vai cantar.<\/p>\n","protected":false},"excerpt":{"rendered":"<p>Mongol &amp; S\u00e9rgio D\u00e2maso Oh oh oh oh oh oh oh oh oh Galo sou galo doido caixa caixa galera \u00e9 gol do galo caixa caixa galera. Sou galo e n\u00e3o nego a ra\u00e7a sou caixa na hora do gol driblando para marcar \u00e9 s\u00f3 correr pra galera e cantar. Se cair no horto, \u00e9 [&hellip;]<\/p>\n","protected":false},"author":1,"featured_media":0,"parent":0,"menu_order":0,"comment_status":"closed","ping_status":"closed","template":"","meta":[],"_links":{"self":[{"href":"https:\/\/sergiodamaso.com.br\/index.php\/wp-json\/wp\/v2\/pages\/685"}],"collection":[{"href":"https:\/\/sergiodamaso.com.br\/index.php\/wp-json\/wp\/v2\/pages"}],"about":[{"href":"https:\/\/sergiodamaso.com.br\/index.php\/wp-json\/wp\/v2\/types\/page"}],"author":[{"embeddable":true,"href":"https:\/\/sergiodamaso.com.br\/index.php\/wp-json\/wp\/v2\/users\/1"}],"replies":[{"embeddable":true,"href":"https:\/\/sergiodamaso.com.br\/index.php\/wp-json\/wp\/v2\/comments?post=685"}],"version-history":[{"count":1,"href":"https:\/\/sergiodamaso.com.br\/index.php\/wp-json\/wp\/v2\/pages\/685\/revisions"}],"predecessor-version":[{"id":687,"href":"https:\/\/sergiodamaso.com.br\/index.php\/wp-json\/wp\/v2\/pages\/685\/revisions\/687"}],"wp:attachment":[{"href":"https:\/\/sergiodamaso.com.br\/index.php\/wp-json\/wp\/v2\/media?parent=685"}],"curies":[{"name":"wp","href":"https:\/\/api.w.org\/{rel}","templated":true}]}}