{"id":682,"date":"2024-03-03T15:09:30","date_gmt":"2024-03-03T18:09:30","guid":{"rendered":"https:\/\/sergiodamaso.com.br\/?page_id=682"},"modified":"2024-03-03T15:09:30","modified_gmt":"2024-03-03T18:09:30","slug":"eu-e-meu-copo-a-sos","status":"publish","type":"page","link":"https:\/\/sergiodamaso.com.br\/index.php\/eu-e-meu-copo-a-sos\/","title":{"rendered":"EU E MEU COPO A S\u00d3S"},"content":{"rendered":"\n<figure class=\"wp-block-audio\"><audio controls src=\"https:\/\/sergiodamaso.com.br\/wp-content\/uploads\/2024\/03\/eu-e-meu-copo-a-sos.mp3\"><\/audio><\/figure>\n\n\n\n<p><strong><em>Mongol &amp; S\u00e9rgio D\u00e2maso<\/em><\/strong><\/p>\n\n\n\n<p>Estou pensando em voc\u00ea<\/p>\n\n\n\n<p>n\u00e3o consigo esquec\u00ea-la<\/p>\n\n\n\n<p>aqui na mesa desse bar<\/p>\n\n\n\n<p>eu e meu copo a s\u00f3s.<\/p>\n\n\n\n<p>Voc\u00ea de top vermelho<\/p>\n\n\n\n<p>dan\u00e7ando pole dance<\/p>\n\n\n\n<p>naquela noite t\u00e3o clara<\/p>\n\n\n\n<p>numa boate escura.<\/p>\n\n\n\n<p>Enquanto o tempo lembrar<\/p>\n\n\n\n<p>todos os detalhes<\/p>\n\n\n\n<p>coloco um bolero<\/p>\n\n\n\n<p>para tocar e recordar<\/p>\n\n\n\n<p>todos a me olhar.<\/p>\n\n\n\n<p>Meus olhos tamb\u00e9m vermelhos<\/p>\n\n\n\n<p>s\u00e3o a luz do teu palco<\/p>\n\n\n\n<p>e o vazio ao redor<\/p>\n\n\n\n<p>s\u00f3 eu e meu copo aqui nesse bar.<\/p>\n","protected":false},"excerpt":{"rendered":"<p>Mongol &amp; S\u00e9rgio D\u00e2maso Estou pensando em voc\u00ea n\u00e3o consigo esquec\u00ea-la aqui na mesa desse bar eu e meu copo a s\u00f3s. Voc\u00ea de top vermelho dan\u00e7ando pole dance naquela noite t\u00e3o clara numa boate escura. Enquanto o tempo lembrar todos os detalhes coloco um bolero para tocar e recordar todos a me olhar. Meus [&hellip;]<\/p>\n","protected":false},"author":1,"featured_media":0,"parent":0,"menu_order":0,"comment_status":"closed","ping_status":"closed","template":"","meta":[],"_links":{"self":[{"href":"https:\/\/sergiodamaso.com.br\/index.php\/wp-json\/wp\/v2\/pages\/682"}],"collection":[{"href":"https:\/\/sergiodamaso.com.br\/index.php\/wp-json\/wp\/v2\/pages"}],"about":[{"href":"https:\/\/sergiodamaso.com.br\/index.php\/wp-json\/wp\/v2\/types\/page"}],"author":[{"embeddable":true,"href":"https:\/\/sergiodamaso.com.br\/index.php\/wp-json\/wp\/v2\/users\/1"}],"replies":[{"embeddable":true,"href":"https:\/\/sergiodamaso.com.br\/index.php\/wp-json\/wp\/v2\/comments?post=682"}],"version-history":[{"count":1,"href":"https:\/\/sergiodamaso.com.br\/index.php\/wp-json\/wp\/v2\/pages\/682\/revisions"}],"predecessor-version":[{"id":684,"href":"https:\/\/sergiodamaso.com.br\/index.php\/wp-json\/wp\/v2\/pages\/682\/revisions\/684"}],"wp:attachment":[{"href":"https:\/\/sergiodamaso.com.br\/index.php\/wp-json\/wp\/v2\/media?parent=682"}],"curies":[{"name":"wp","href":"https:\/\/api.w.org\/{rel}","templated":true}]}}