{"id":679,"date":"2024-03-03T15:06:11","date_gmt":"2024-03-03T18:06:11","guid":{"rendered":"https:\/\/sergiodamaso.com.br\/?page_id=679"},"modified":"2024-03-03T15:06:11","modified_gmt":"2024-03-03T18:06:11","slug":"estrada-real","status":"publish","type":"page","link":"https:\/\/sergiodamaso.com.br\/index.php\/estrada-real\/","title":{"rendered":"ESTRADA REAL"},"content":{"rendered":"\n<figure class=\"wp-block-audio\"><audio controls src=\"https:\/\/sergiodamaso.com.br\/wp-content\/uploads\/2024\/03\/estrada-real.mp3\"><\/audio><\/figure>\n\n\n\n<p><strong><em>Mongol &amp; S\u00e9rgio D\u00e2maso &amp; Andr\u00e9 Guedes<\/em><\/strong><\/p>\n\n\n\n<p>Rio t\u00e1 descendo<\/p>\n\n\n\n<p>tempo t\u00e1 passando<\/p>\n\n\n\n<p>vento t\u00e1 chegando<\/p>\n\n\n\n<p>c\u00e9u azul ao meu redor<\/p>\n\n\n\n<p>l\u00e1 longe sol se pondo<\/p>\n\n\n\n<p>e eu&nbsp;sentado na beira da Estrada Real.<\/p>\n\n\n\n<p>Esperando meu amor<\/p>\n\n\n\n<p>olhando o tempo<\/p>\n\n\n\n<p>o vento, o rio correndo pro mar.<\/p>\n\n\n\n<p>Rio t\u00e1 descendo<\/p>\n\n\n\n<p>dia t\u00e1 passando<\/p>\n\n\n\n<p>noite t\u00e1 chegando<\/p>\n\n\n\n<p>estrela a brilhar<\/p>\n\n\n\n<p>rio t\u00e1 passando<\/p>\n\n\n\n<p>e eu&nbsp;sentado na beira da Estrada Real.<\/p>\n\n\n\n<p>Hei de te amar amar at\u00e9 morrer<\/p>\n\n\n\n<p>amar at\u00e9 morrer<\/p>\n\n\n\n<p>e quando o amor passar<\/p>\n\n\n\n<p>ter a solid\u00e3o batendo na porta<\/p>\n\n\n\n<p>cora\u00e7\u00e3o perde a raz\u00e3o<\/p>\n\n\n\n<p>pra tristeza entrar.<\/p>\n\n\n\n<p>Rio t\u00e1 descendo<\/p>\n\n\n\n<p>tempo t\u00e1 passando<\/p>\n\n\n\n<p>e eu esperando meu amor passar<\/p>\n\n\n\n<p>vento t\u00e1 chegando<\/p>\n\n\n\n<p>e eu&nbsp;sentado na beira da Estrada Real.<\/p>\n","protected":false},"excerpt":{"rendered":"<p>Mongol &amp; S\u00e9rgio D\u00e2maso &amp; Andr\u00e9 Guedes Rio t\u00e1 descendo tempo t\u00e1 passando vento t\u00e1 chegando c\u00e9u azul ao meu redor l\u00e1 longe sol se pondo e eu&nbsp;sentado na beira da Estrada Real. Esperando meu amor olhando o tempo o vento, o rio correndo pro mar. Rio t\u00e1 descendo dia t\u00e1 passando noite t\u00e1 chegando [&hellip;]<\/p>\n","protected":false},"author":1,"featured_media":0,"parent":0,"menu_order":0,"comment_status":"closed","ping_status":"closed","template":"","meta":[],"_links":{"self":[{"href":"https:\/\/sergiodamaso.com.br\/index.php\/wp-json\/wp\/v2\/pages\/679"}],"collection":[{"href":"https:\/\/sergiodamaso.com.br\/index.php\/wp-json\/wp\/v2\/pages"}],"about":[{"href":"https:\/\/sergiodamaso.com.br\/index.php\/wp-json\/wp\/v2\/types\/page"}],"author":[{"embeddable":true,"href":"https:\/\/sergiodamaso.com.br\/index.php\/wp-json\/wp\/v2\/users\/1"}],"replies":[{"embeddable":true,"href":"https:\/\/sergiodamaso.com.br\/index.php\/wp-json\/wp\/v2\/comments?post=679"}],"version-history":[{"count":1,"href":"https:\/\/sergiodamaso.com.br\/index.php\/wp-json\/wp\/v2\/pages\/679\/revisions"}],"predecessor-version":[{"id":681,"href":"https:\/\/sergiodamaso.com.br\/index.php\/wp-json\/wp\/v2\/pages\/679\/revisions\/681"}],"wp:attachment":[{"href":"https:\/\/sergiodamaso.com.br\/index.php\/wp-json\/wp\/v2\/media?parent=679"}],"curies":[{"name":"wp","href":"https:\/\/api.w.org\/{rel}","templated":true}]}}