{"id":676,"date":"2024-03-03T15:04:57","date_gmt":"2024-03-03T18:04:57","guid":{"rendered":"https:\/\/sergiodamaso.com.br\/?page_id=676"},"modified":"2024-03-03T15:04:57","modified_gmt":"2024-03-03T18:04:57","slug":"estrada-da-vida","status":"publish","type":"page","link":"https:\/\/sergiodamaso.com.br\/index.php\/estrada-da-vida\/","title":{"rendered":"ESTRADA DA VIDA"},"content":{"rendered":"\n<figure class=\"wp-block-audio\"><audio controls src=\"https:\/\/sergiodamaso.com.br\/wp-content\/uploads\/2024\/03\/estrada-da-vida.mp3\"><\/audio><\/figure>\n\n\n\n<p><strong><em>Mongol &amp; S\u00e9rgio D\u00e2maso<\/em><\/strong><\/p>\n\n\n\n<p>Por essa estrada de terra batida<\/p>\n\n\n\n<p>beijada por um manso riacho<\/p>\n\n\n\n<p>de \u00e1guas claras<\/p>\n\n\n\n<p>caminho todas as manh\u00e3s<\/p>\n\n\n\n<p>de \u00e1guas claras<\/p>\n\n\n\n<p>um manso riacho.<\/p>\n\n\n\n<p>Carregando sempre minhas dores<\/p>\n\n\n\n<p>de noites anteriores<\/p>\n\n\n\n<p>sob os meus p\u00e9s<\/p>\n\n\n\n<p>&nbsp;descal\u00e7os e molhados<\/p>\n\n\n\n<p>das \u00e1guas claras<\/p>\n\n\n\n<p>de um manso riacho.<\/p>\n\n\n\n<p>Dores que n\u00e3o passam n\u00e3o<\/p>\n\n\n\n<p>nas noites nem nas manh\u00e3s<\/p>\n\n\n\n<p>essa estrada parece n\u00e3o ter fim<\/p>\n\n\n\n<p>como a saudade<\/p>\n\n\n\n<p>do teu beijo em mim.<\/p>\n\n\n\n<p>Tudo parece segredo<\/p>\n\n\n\n<p>em nossas vidas<\/p>\n\n\n\n<p>por onde caminho<\/p>\n\n\n\n<p>todos os dias.<\/p>\n","protected":false},"excerpt":{"rendered":"<p>Mongol &amp; S\u00e9rgio D\u00e2maso Por essa estrada de terra batida beijada por um manso riacho de \u00e1guas claras caminho todas as manh\u00e3s de \u00e1guas claras um manso riacho. Carregando sempre minhas dores de noites anteriores sob os meus p\u00e9s &nbsp;descal\u00e7os e molhados das \u00e1guas claras de um manso riacho. Dores que n\u00e3o passam n\u00e3o nas [&hellip;]<\/p>\n","protected":false},"author":1,"featured_media":0,"parent":0,"menu_order":0,"comment_status":"closed","ping_status":"closed","template":"","meta":[],"_links":{"self":[{"href":"https:\/\/sergiodamaso.com.br\/index.php\/wp-json\/wp\/v2\/pages\/676"}],"collection":[{"href":"https:\/\/sergiodamaso.com.br\/index.php\/wp-json\/wp\/v2\/pages"}],"about":[{"href":"https:\/\/sergiodamaso.com.br\/index.php\/wp-json\/wp\/v2\/types\/page"}],"author":[{"embeddable":true,"href":"https:\/\/sergiodamaso.com.br\/index.php\/wp-json\/wp\/v2\/users\/1"}],"replies":[{"embeddable":true,"href":"https:\/\/sergiodamaso.com.br\/index.php\/wp-json\/wp\/v2\/comments?post=676"}],"version-history":[{"count":1,"href":"https:\/\/sergiodamaso.com.br\/index.php\/wp-json\/wp\/v2\/pages\/676\/revisions"}],"predecessor-version":[{"id":678,"href":"https:\/\/sergiodamaso.com.br\/index.php\/wp-json\/wp\/v2\/pages\/676\/revisions\/678"}],"wp:attachment":[{"href":"https:\/\/sergiodamaso.com.br\/index.php\/wp-json\/wp\/v2\/media?parent=676"}],"curies":[{"name":"wp","href":"https:\/\/api.w.org\/{rel}","templated":true}]}}