{"id":673,"date":"2024-03-03T15:03:43","date_gmt":"2024-03-03T18:03:43","guid":{"rendered":"https:\/\/sergiodamaso.com.br\/?page_id=673"},"modified":"2024-03-03T15:03:43","modified_gmt":"2024-03-03T18:03:43","slug":"emanuelle","status":"publish","type":"page","link":"https:\/\/sergiodamaso.com.br\/index.php\/emanuelle\/","title":{"rendered":"EMANUELLE"},"content":{"rendered":"\n<figure class=\"wp-block-audio\"><audio controls src=\"https:\/\/sergiodamaso.com.br\/wp-content\/uploads\/2024\/03\/emanuelle.mp3\"><\/audio><\/figure>\n\n\n\n<p><strong><em>Mongol &amp; S\u00e9rgio D\u00e2maso<\/em><\/strong><\/p>\n\n\n\n<p>Emanuelle em BH colorida pela arte<\/p>\n\n\n\n<p>vai brilhar no pal\u00e1cio Gerais<\/p>\n\n\n\n<p>de Bras\u00edlia para Minas o pensamento era um s\u00f3<\/p>\n\n\n\n<p>um projeto colorido e depois cantar<\/p>\n\n\n\n<p>um projeto colorido e depois brilhar.<\/p>\n\n\n\n<p>E l\u00e1 em BH ela surgiu<\/p>\n\n\n\n<p>qualidade vestida de branco<\/p>\n\n\n\n<p>para nos levar onde fosse<\/p>\n\n\n\n<p>ela era a futura Emanuelle<\/p>\n\n\n\n<p>para alegrar Emanuelle as cores surgiram de n\u00f3s<\/p>\n\n\n\n<p>travestida de alegria transformou-se em nossa amiga.<\/p>\n\n\n\n<p>Do Centro-Oeste para BH<\/p>\n\n\n\n<p>um projeto que depois nos encantou<\/p>\n\n\n\n<p>como Emanuelle em BH<\/p>\n\n\n\n<p>colorida pela arte brilhou como o sol<\/p>\n\n\n\n<p>no pal\u00e1cio da nossa arte brilhou como o sol.<\/p>\n","protected":false},"excerpt":{"rendered":"<p>Mongol &amp; S\u00e9rgio D\u00e2maso Emanuelle em BH colorida pela arte vai brilhar no pal\u00e1cio Gerais de Bras\u00edlia para Minas o pensamento era um s\u00f3 um projeto colorido e depois cantar um projeto colorido e depois brilhar. E l\u00e1 em BH ela surgiu qualidade vestida de branco para nos levar onde fosse ela era a futura [&hellip;]<\/p>\n","protected":false},"author":1,"featured_media":0,"parent":0,"menu_order":0,"comment_status":"closed","ping_status":"closed","template":"","meta":[],"_links":{"self":[{"href":"https:\/\/sergiodamaso.com.br\/index.php\/wp-json\/wp\/v2\/pages\/673"}],"collection":[{"href":"https:\/\/sergiodamaso.com.br\/index.php\/wp-json\/wp\/v2\/pages"}],"about":[{"href":"https:\/\/sergiodamaso.com.br\/index.php\/wp-json\/wp\/v2\/types\/page"}],"author":[{"embeddable":true,"href":"https:\/\/sergiodamaso.com.br\/index.php\/wp-json\/wp\/v2\/users\/1"}],"replies":[{"embeddable":true,"href":"https:\/\/sergiodamaso.com.br\/index.php\/wp-json\/wp\/v2\/comments?post=673"}],"version-history":[{"count":1,"href":"https:\/\/sergiodamaso.com.br\/index.php\/wp-json\/wp\/v2\/pages\/673\/revisions"}],"predecessor-version":[{"id":675,"href":"https:\/\/sergiodamaso.com.br\/index.php\/wp-json\/wp\/v2\/pages\/673\/revisions\/675"}],"wp:attachment":[{"href":"https:\/\/sergiodamaso.com.br\/index.php\/wp-json\/wp\/v2\/media?parent=673"}],"curies":[{"name":"wp","href":"https:\/\/api.w.org\/{rel}","templated":true}]}}