{"id":667,"date":"2024-03-03T14:53:02","date_gmt":"2024-03-03T17:53:02","guid":{"rendered":"https:\/\/sergiodamaso.com.br\/?page_id=667"},"modified":"2024-03-03T14:53:02","modified_gmt":"2024-03-03T17:53:02","slug":"cade-voce-que-nao-te-vejo","status":"publish","type":"page","link":"https:\/\/sergiodamaso.com.br\/index.php\/cade-voce-que-nao-te-vejo\/","title":{"rendered":"CAD\u00ca VOC\u00ca QUE N\u00c3O TE VEJO"},"content":{"rendered":"\n<figure class=\"wp-block-audio\"><audio controls src=\"https:\/\/sergiodamaso.com.br\/wp-content\/uploads\/2024\/03\/cade-voce-que-nao-te-vejo.mp3\"><\/audio><\/figure>\n\n\n\n<p><strong><em>Mongol &amp; S\u00e9rgio D\u00e2maso<\/em><\/strong><\/p>\n\n\n\n<p>Cad\u00ea voc\u00ea<\/p>\n\n\n\n<p>cad\u00ea que n\u00e3o te vejo<\/p>\n\n\n\n<p>j\u00e1 procurei e n\u00e3o encontrei<\/p>\n\n\n\n<p>cad\u00ea voc\u00ea<\/p>\n\n\n\n<p>cad\u00ea que n\u00e3o te acho amor<\/p>\n\n\n\n<p>j\u00e1 procurei, n\u00e3o me cansarei.<\/p>\n\n\n\n<p>Eu vou<\/p>\n\n\n\n<p>eu vou at\u00e9 o fim<\/p>\n\n\n\n<p>se precisar<\/p>\n\n\n\n<p>ao infinito<\/p>\n\n\n\n<p>e l\u00e1 vou eu<\/p>\n\n\n\n<p>seja aonde for<\/p>\n\n\n\n<p>pra te encontrar<\/p>\n\n\n\n<p>meu bem eu vou.<\/p>\n\n\n\n<p>Quero encontrar voc\u00ea<\/p>\n\n\n\n<p>quero encontrar voc\u00ea<\/p>\n\n\n\n<p>eu quero<\/p>\n\n\n\n<p>quero encontrar voc\u00ea<\/p>\n\n\n\n<p>pra te dizer<\/p>\n\n\n\n<p>eu amo.<\/p>\n\n\n\n<p>Cad\u00ea voc\u00ea<\/p>\n\n\n\n<p>cad\u00ea que jamais esqueci<\/p>\n\n\n\n<p>cad\u00ea voc\u00ea que nunca pensei<\/p>\n\n\n\n<p>te procurar assim assim assim meu bem<\/p>\n\n\n\n<p>te encontrar onde em que lugar.<\/p>\n\n\n\n<p>Eu vou eu vou<\/p>\n\n\n\n<p>visitar a lua<\/p>\n\n\n\n<p>vou eu<\/p>\n\n\n\n<p>vou visitar o sol<\/p>\n\n\n\n<p>e l\u00e1 vou eu<\/p>\n\n\n\n<p>seja aonde for<\/p>\n\n\n\n<p>s\u00f3 pra te ver de novo amor.<\/p>\n\n\n\n<p>Quero encontrar voc\u00ea<\/p>\n\n\n\n<p>quero encontrar voc\u00ea<\/p>\n\n\n\n<p>eu quero<\/p>\n\n\n\n<p>quero encontrar voc\u00ea<\/p>\n\n\n\n<p>pra te dizer<\/p>\n\n\n\n<p>eu amo.<\/p>\n","protected":false},"excerpt":{"rendered":"<p>Mongol &amp; S\u00e9rgio D\u00e2maso Cad\u00ea voc\u00ea cad\u00ea que n\u00e3o te vejo j\u00e1 procurei e n\u00e3o encontrei cad\u00ea voc\u00ea cad\u00ea que n\u00e3o te acho amor j\u00e1 procurei, n\u00e3o me cansarei. Eu vou eu vou at\u00e9 o fim se precisar ao infinito e l\u00e1 vou eu seja aonde for pra te encontrar meu bem eu vou. Quero [&hellip;]<\/p>\n","protected":false},"author":1,"featured_media":0,"parent":0,"menu_order":0,"comment_status":"closed","ping_status":"closed","template":"","meta":[],"_links":{"self":[{"href":"https:\/\/sergiodamaso.com.br\/index.php\/wp-json\/wp\/v2\/pages\/667"}],"collection":[{"href":"https:\/\/sergiodamaso.com.br\/index.php\/wp-json\/wp\/v2\/pages"}],"about":[{"href":"https:\/\/sergiodamaso.com.br\/index.php\/wp-json\/wp\/v2\/types\/page"}],"author":[{"embeddable":true,"href":"https:\/\/sergiodamaso.com.br\/index.php\/wp-json\/wp\/v2\/users\/1"}],"replies":[{"embeddable":true,"href":"https:\/\/sergiodamaso.com.br\/index.php\/wp-json\/wp\/v2\/comments?post=667"}],"version-history":[{"count":1,"href":"https:\/\/sergiodamaso.com.br\/index.php\/wp-json\/wp\/v2\/pages\/667\/revisions"}],"predecessor-version":[{"id":669,"href":"https:\/\/sergiodamaso.com.br\/index.php\/wp-json\/wp\/v2\/pages\/667\/revisions\/669"}],"wp:attachment":[{"href":"https:\/\/sergiodamaso.com.br\/index.php\/wp-json\/wp\/v2\/media?parent=667"}],"curies":[{"name":"wp","href":"https:\/\/api.w.org\/{rel}","templated":true}]}}