{"id":664,"date":"2024-03-03T14:51:14","date_gmt":"2024-03-03T17:51:14","guid":{"rendered":"https:\/\/sergiodamaso.com.br\/?page_id=664"},"modified":"2024-03-03T14:51:14","modified_gmt":"2024-03-03T17:51:14","slug":"beijei","status":"publish","type":"page","link":"https:\/\/sergiodamaso.com.br\/index.php\/beijei\/","title":{"rendered":"BEIJEI"},"content":{"rendered":"\n<figure class=\"wp-block-audio\"><audio controls src=\"https:\/\/sergiodamaso.com.br\/wp-content\/uploads\/2024\/03\/beijei.mp3\"><\/audio><\/figure>\n\n\n\n<p><strong><em>Mongol &amp; S\u00e9rgio D\u00e2maso<\/em><\/strong><\/p>\n\n\n\n<p>Beijei a lua na noite escura<\/p>\n\n\n\n<p>abracei o sol logo de manh\u00e3<\/p>\n\n\n\n<p>e me queimei<\/p>\n\n\n\n<p>tocando nas estrelas.<\/p>\n\n\n\n<p>Nas ondas do mar<\/p>\n\n\n\n<p>refresquei-me dela<\/p>\n\n\n\n<p>eu me refresquei.<\/p>\n\n\n\n<p>Um convite dela<\/p>\n\n\n\n<p>me convidou com flores<\/p>\n\n\n\n<p>ela me convidou<\/p>\n\n\n\n<p>com alfazemas lilases.<\/p>\n\n\n\n<p>Nada pedi aos c\u00e9us<\/p>\n\n\n\n<p>eu nada pedi<\/p>\n\n\n\n<p>mas n\u00e3o faz mal<\/p>\n\n\n\n<p>tudo pode acontecer<\/p>\n\n\n\n<p>inclusive as pazes.<\/p>\n","protected":false},"excerpt":{"rendered":"<p>Mongol &amp; S\u00e9rgio D\u00e2maso Beijei a lua na noite escura abracei o sol logo de manh\u00e3 e me queimei tocando nas estrelas. Nas ondas do mar refresquei-me dela eu me refresquei. Um convite dela me convidou com flores ela me convidou com alfazemas lilases. Nada pedi aos c\u00e9us eu nada pedi mas n\u00e3o faz mal [&hellip;]<\/p>\n","protected":false},"author":1,"featured_media":0,"parent":0,"menu_order":0,"comment_status":"closed","ping_status":"closed","template":"","meta":[],"_links":{"self":[{"href":"https:\/\/sergiodamaso.com.br\/index.php\/wp-json\/wp\/v2\/pages\/664"}],"collection":[{"href":"https:\/\/sergiodamaso.com.br\/index.php\/wp-json\/wp\/v2\/pages"}],"about":[{"href":"https:\/\/sergiodamaso.com.br\/index.php\/wp-json\/wp\/v2\/types\/page"}],"author":[{"embeddable":true,"href":"https:\/\/sergiodamaso.com.br\/index.php\/wp-json\/wp\/v2\/users\/1"}],"replies":[{"embeddable":true,"href":"https:\/\/sergiodamaso.com.br\/index.php\/wp-json\/wp\/v2\/comments?post=664"}],"version-history":[{"count":1,"href":"https:\/\/sergiodamaso.com.br\/index.php\/wp-json\/wp\/v2\/pages\/664\/revisions"}],"predecessor-version":[{"id":666,"href":"https:\/\/sergiodamaso.com.br\/index.php\/wp-json\/wp\/v2\/pages\/664\/revisions\/666"}],"wp:attachment":[{"href":"https:\/\/sergiodamaso.com.br\/index.php\/wp-json\/wp\/v2\/media?parent=664"}],"curies":[{"name":"wp","href":"https:\/\/api.w.org\/{rel}","templated":true}]}}