{"id":661,"date":"2024-03-03T14:49:46","date_gmt":"2024-03-03T17:49:46","guid":{"rendered":"https:\/\/sergiodamaso.com.br\/?page_id=661"},"modified":"2024-03-03T14:49:46","modified_gmt":"2024-03-03T17:49:46","slug":"asteroide","status":"publish","type":"page","link":"https:\/\/sergiodamaso.com.br\/index.php\/asteroide\/","title":{"rendered":"ASTEROIDE"},"content":{"rendered":"\n<figure class=\"wp-block-audio\"><audio controls src=\"https:\/\/sergiodamaso.com.br\/wp-content\/uploads\/2024\/03\/asteroide.mp3\"><\/audio><\/figure>\n\n\n\n<p><strong><em>Mongol &amp; S\u00e9rgio D\u00e2maso<\/em><\/strong><\/p>\n\n\n\n<p>Um asteroide n\u00e3o identificado<\/p>\n\n\n\n<p>reluziu no c\u00e9u azul com sua calda de cometa<\/p>\n\n\n\n<p>caiu na terra, trouxe uma mensagem l\u00e1 dos astros:<\/p>\n\n\n\n<p>tem que consertar a geladeira e o fog\u00e3o.<\/p>\n\n\n\n<p>T\u00e1 tudo errado a gente tem que consertar<\/p>\n\n\n\n<p>t\u00e1 tudo errado a geladeira e o fog\u00e3o.<\/p>\n\n\n\n<p>T\u00e1 tudo errado a gente tem que consertar<\/p>\n\n\n\n<p>t\u00e1 tudo errado a geladeira e o fog\u00e3o.<\/p>\n\n\n\n<p>Para gelar nossa cerveja e esquentar a nossa canja<\/p>\n\n\n\n<p>que n\u00e3o faz mal, para depois cantar um samba.<\/p>\n\n\n\n<p>Iluminou ao cair no samb\u00f3dromo<\/p>\n\n\n\n<p>para as escolas cantarem o seu samba<\/p>\n\n\n\n<p>estava certo o cientista que falou<\/p>\n\n\n\n<p>que o buraco negro existe no Brasil<\/p>\n\n\n\n<p>pa\u00eds do samba a gente tem que consertar<\/p>\n\n\n\n<p>t\u00e1 tudo errado a geladeira e o fog\u00e3o.<\/p>\n","protected":false},"excerpt":{"rendered":"<p>Mongol &amp; S\u00e9rgio D\u00e2maso Um asteroide n\u00e3o identificado reluziu no c\u00e9u azul com sua calda de cometa caiu na terra, trouxe uma mensagem l\u00e1 dos astros: tem que consertar a geladeira e o fog\u00e3o. T\u00e1 tudo errado a gente tem que consertar t\u00e1 tudo errado a geladeira e o fog\u00e3o. T\u00e1 tudo errado a gente [&hellip;]<\/p>\n","protected":false},"author":1,"featured_media":0,"parent":0,"menu_order":0,"comment_status":"closed","ping_status":"closed","template":"","meta":[],"_links":{"self":[{"href":"https:\/\/sergiodamaso.com.br\/index.php\/wp-json\/wp\/v2\/pages\/661"}],"collection":[{"href":"https:\/\/sergiodamaso.com.br\/index.php\/wp-json\/wp\/v2\/pages"}],"about":[{"href":"https:\/\/sergiodamaso.com.br\/index.php\/wp-json\/wp\/v2\/types\/page"}],"author":[{"embeddable":true,"href":"https:\/\/sergiodamaso.com.br\/index.php\/wp-json\/wp\/v2\/users\/1"}],"replies":[{"embeddable":true,"href":"https:\/\/sergiodamaso.com.br\/index.php\/wp-json\/wp\/v2\/comments?post=661"}],"version-history":[{"count":1,"href":"https:\/\/sergiodamaso.com.br\/index.php\/wp-json\/wp\/v2\/pages\/661\/revisions"}],"predecessor-version":[{"id":663,"href":"https:\/\/sergiodamaso.com.br\/index.php\/wp-json\/wp\/v2\/pages\/661\/revisions\/663"}],"wp:attachment":[{"href":"https:\/\/sergiodamaso.com.br\/index.php\/wp-json\/wp\/v2\/media?parent=661"}],"curies":[{"name":"wp","href":"https:\/\/api.w.org\/{rel}","templated":true}]}}