{"id":658,"date":"2024-03-03T14:47:03","date_gmt":"2024-03-03T17:47:03","guid":{"rendered":"https:\/\/sergiodamaso.com.br\/?page_id=658"},"modified":"2024-03-03T14:47:03","modified_gmt":"2024-03-03T17:47:03","slug":"arco-iris","status":"publish","type":"page","link":"https:\/\/sergiodamaso.com.br\/index.php\/arco-iris\/","title":{"rendered":"ARCO-\u00cdRIS"},"content":{"rendered":"\n<figure class=\"wp-block-audio\"><audio controls src=\"https:\/\/sergiodamaso.com.br\/wp-content\/uploads\/2024\/03\/arco-iris.mp3\"><\/audio><\/figure>\n\n\n\n<p><strong><em>Mongol &amp; S\u00e9rgio D\u00e2maso<\/em><\/strong><\/p>\n\n\n\n<p>Verde \u00e9 do mar<\/p>\n\n\n\n<p>vermelho \u00e9 batom<\/p>\n\n\n\n<p>azul \u00e9 do c\u00e9u<\/p>\n\n\n\n<p>violeta surgiu.<\/p>\n\n\n\n<p>Rosa nem viu<\/p>\n\n\n\n<p>amarelo ele tem<\/p>\n\n\n\n<p>laranja tamb\u00e9m<\/p>\n\n\n\n<p>na cor que surgiu.<\/p>\n\n\n\n<p>Arco-\u00edris no c\u00e9u<\/p>\n\n\n\n<p>vermelho e azul<\/p>\n\n\n\n<p>pintura de cor<\/p>\n\n\n\n<p>violeta surgiu.<\/p>\n\n\n\n<p>Cores que vem<\/p>\n\n\n\n<p>branco, verde, anil<\/p>\n\n\n\n<p>amarelo tamb\u00e9m<\/p>\n\n\n\n<p>me diz quem n\u00e3o viu.<\/p>\n\n\n\n<p>Olha ele l\u00e1<\/p>\n\n\n\n<p>cores do c\u00e9u<\/p>\n\n\n\n<p>cores do mar<\/p>\n\n\n\n<p>arco-\u00edris surgiu<\/p>\n\n\n\n<p>brilhando, no c\u00e9u do Brasil.<\/p>\n","protected":false},"excerpt":{"rendered":"<p>Mongol &amp; S\u00e9rgio D\u00e2maso Verde \u00e9 do mar vermelho \u00e9 batom azul \u00e9 do c\u00e9u violeta surgiu. Rosa nem viu amarelo ele tem laranja tamb\u00e9m na cor que surgiu. Arco-\u00edris no c\u00e9u vermelho e azul pintura de cor violeta surgiu. Cores que vem branco, verde, anil amarelo tamb\u00e9m me diz quem n\u00e3o viu. Olha ele [&hellip;]<\/p>\n","protected":false},"author":1,"featured_media":0,"parent":0,"menu_order":0,"comment_status":"closed","ping_status":"closed","template":"","meta":[],"_links":{"self":[{"href":"https:\/\/sergiodamaso.com.br\/index.php\/wp-json\/wp\/v2\/pages\/658"}],"collection":[{"href":"https:\/\/sergiodamaso.com.br\/index.php\/wp-json\/wp\/v2\/pages"}],"about":[{"href":"https:\/\/sergiodamaso.com.br\/index.php\/wp-json\/wp\/v2\/types\/page"}],"author":[{"embeddable":true,"href":"https:\/\/sergiodamaso.com.br\/index.php\/wp-json\/wp\/v2\/users\/1"}],"replies":[{"embeddable":true,"href":"https:\/\/sergiodamaso.com.br\/index.php\/wp-json\/wp\/v2\/comments?post=658"}],"version-history":[{"count":1,"href":"https:\/\/sergiodamaso.com.br\/index.php\/wp-json\/wp\/v2\/pages\/658\/revisions"}],"predecessor-version":[{"id":660,"href":"https:\/\/sergiodamaso.com.br\/index.php\/wp-json\/wp\/v2\/pages\/658\/revisions\/660"}],"wp:attachment":[{"href":"https:\/\/sergiodamaso.com.br\/index.php\/wp-json\/wp\/v2\/media?parent=658"}],"curies":[{"name":"wp","href":"https:\/\/api.w.org\/{rel}","templated":true}]}}