{"id":652,"date":"2024-03-03T14:38:33","date_gmt":"2024-03-03T17:38:33","guid":{"rendered":"https:\/\/sergiodamaso.com.br\/?page_id=652"},"modified":"2024-03-03T14:38:33","modified_gmt":"2024-03-03T17:38:33","slug":"amanheceu-clareou","status":"publish","type":"page","link":"https:\/\/sergiodamaso.com.br\/index.php\/amanheceu-clareou\/","title":{"rendered":"AMANHECEU CLAREOU"},"content":{"rendered":"\n<figure class=\"wp-block-audio\"><audio controls src=\"https:\/\/sergiodamaso.com.br\/wp-content\/uploads\/2024\/03\/amanheceu-clareou.mp3\"><\/audio><\/figure>\n\n\n\n<p><strong><em>Mongol &amp; S\u00e9rgio D\u00e2maso<\/em><\/strong><\/p>\n\n\n\n<p>Clareou amanheceu tudo aconteceu<\/p>\n\n\n\n<p>na manh\u00e3 de primavera<\/p>\n\n\n\n<p>rosa cravo margarida alecrim<\/p>\n\n\n\n<p>bem-me-quer bem partiu.<\/p>\n\n\n\n<p>Sol abriu brotou brilhou<\/p>\n\n\n\n<p>rosa vermelhou no meu jardim<\/p>\n\n\n\n<p>olha s\u00f3, cravo canela nele tem<\/p>\n\n\n\n<p>roxo amarelo vermelho tamb\u00e9m.<\/p>\n\n\n\n<p>Nem licen\u00e7a alecrim pediu<\/p>\n\n\n\n<p>que no campo surgiu<\/p>\n\n\n\n<p>sem ser semeado dourado<\/p>\n\n\n\n<p>meu amor licen\u00e7a pediu.<\/p>\n\n\n\n<p>Margarida, malmequer<\/p>\n\n\n\n<p>rosa, cravo, alecrim<\/p>\n\n\n\n<p>e flor do campo&#8230;<\/p>\n\n\n\n<p>bem-me-quer o meu amor<\/p>\n\n\n\n<p>no c\u00e9u, no campo, no jardim.<\/p>\n","protected":false},"excerpt":{"rendered":"<p>Mongol &amp; S\u00e9rgio D\u00e2maso Clareou amanheceu tudo aconteceu na manh\u00e3 de primavera rosa cravo margarida alecrim bem-me-quer bem partiu. Sol abriu brotou brilhou rosa vermelhou no meu jardim olha s\u00f3, cravo canela nele tem roxo amarelo vermelho tamb\u00e9m. Nem licen\u00e7a alecrim pediu que no campo surgiu sem ser semeado dourado meu amor licen\u00e7a pediu. Margarida, [&hellip;]<\/p>\n","protected":false},"author":1,"featured_media":0,"parent":0,"menu_order":0,"comment_status":"closed","ping_status":"closed","template":"","meta":[],"_links":{"self":[{"href":"https:\/\/sergiodamaso.com.br\/index.php\/wp-json\/wp\/v2\/pages\/652"}],"collection":[{"href":"https:\/\/sergiodamaso.com.br\/index.php\/wp-json\/wp\/v2\/pages"}],"about":[{"href":"https:\/\/sergiodamaso.com.br\/index.php\/wp-json\/wp\/v2\/types\/page"}],"author":[{"embeddable":true,"href":"https:\/\/sergiodamaso.com.br\/index.php\/wp-json\/wp\/v2\/users\/1"}],"replies":[{"embeddable":true,"href":"https:\/\/sergiodamaso.com.br\/index.php\/wp-json\/wp\/v2\/comments?post=652"}],"version-history":[{"count":1,"href":"https:\/\/sergiodamaso.com.br\/index.php\/wp-json\/wp\/v2\/pages\/652\/revisions"}],"predecessor-version":[{"id":654,"href":"https:\/\/sergiodamaso.com.br\/index.php\/wp-json\/wp\/v2\/pages\/652\/revisions\/654"}],"wp:attachment":[{"href":"https:\/\/sergiodamaso.com.br\/index.php\/wp-json\/wp\/v2\/media?parent=652"}],"curies":[{"name":"wp","href":"https:\/\/api.w.org\/{rel}","templated":true}]}}