{"id":617,"date":"2024-02-29T11:30:34","date_gmt":"2024-02-29T14:30:34","guid":{"rendered":"https:\/\/sergiodamaso.com.br\/?page_id=617"},"modified":"2024-03-17T01:16:00","modified_gmt":"2024-03-17T04:16:00","slug":"voltar-no-tempo","status":"publish","type":"page","link":"https:\/\/sergiodamaso.com.br\/index.php\/voltar-no-tempo\/","title":{"rendered":"VOLTAR NO TEMPO"},"content":{"rendered":"\n<figure class=\"wp-block-audio\"><audio controls src=\"https:\/\/sergiodamaso.com.br\/wp-content\/uploads\/2024\/02\/Voltar-no-tempo.mp3\"><\/audio><\/figure>\n\n\n\n<p><strong><em>Mongol &amp; S\u00e9rgio D\u00e2maso<\/em><\/strong><\/p>\n\n\n\n<p>Seu cabelo preto n\u00e3o esque\u00e7o<\/p>\n\n\n\n<p>seu batom vermelho lembro bem<\/p>\n\n\n\n<p>seu beijo nem pensar<\/p>\n\n\n\n<p>ficou marcado pra sempre.<\/p>\n\n\n\n<p>Foram tantos momentos<\/p>\n\n\n\n<p>que s\u00f3 eu sei<\/p>\n\n\n\n<p>n\u00e3o esque\u00e7o me faz sentir.<\/p>\n\n\n\n<p>Recordar voltar no tempo<\/p>\n\n\n\n<p>com voc\u00ea ao meu lado<\/p>\n\n\n\n<p>colados e abra\u00e7os.<\/p>\n\n\n\n<p>Observando voc\u00ea inteira<\/p>\n\n\n\n<p>da cabe\u00e7a aos p\u00e9s<\/p>\n\n\n\n<p>descal\u00e7a a me tocar.<\/p>\n\n\n\n<p>At\u00e9 arrepiar<\/p>\n\n\n\n<p>meu bem que bom lembrar<\/p>\n\n\n\n<p>seus detalhes inteiros<\/p>\n\n\n\n<p>a me marcar e recordar.<\/p>\n","protected":false},"excerpt":{"rendered":"<p>Mongol &amp; S\u00e9rgio D\u00e2maso Seu cabelo preto n\u00e3o esque\u00e7o seu batom vermelho lembro bem seu beijo nem pensar ficou marcado pra sempre. Foram tantos momentos que s\u00f3 eu sei n\u00e3o esque\u00e7o me faz sentir. Recordar voltar no tempo com voc\u00ea ao meu lado colados e abra\u00e7os. Observando voc\u00ea inteira da cabe\u00e7a aos p\u00e9s descal\u00e7a a [&hellip;]<\/p>\n","protected":false},"author":1,"featured_media":0,"parent":0,"menu_order":0,"comment_status":"closed","ping_status":"closed","template":"","meta":[],"_links":{"self":[{"href":"https:\/\/sergiodamaso.com.br\/index.php\/wp-json\/wp\/v2\/pages\/617"}],"collection":[{"href":"https:\/\/sergiodamaso.com.br\/index.php\/wp-json\/wp\/v2\/pages"}],"about":[{"href":"https:\/\/sergiodamaso.com.br\/index.php\/wp-json\/wp\/v2\/types\/page"}],"author":[{"embeddable":true,"href":"https:\/\/sergiodamaso.com.br\/index.php\/wp-json\/wp\/v2\/users\/1"}],"replies":[{"embeddable":true,"href":"https:\/\/sergiodamaso.com.br\/index.php\/wp-json\/wp\/v2\/comments?post=617"}],"version-history":[{"count":2,"href":"https:\/\/sergiodamaso.com.br\/index.php\/wp-json\/wp\/v2\/pages\/617\/revisions"}],"predecessor-version":[{"id":818,"href":"https:\/\/sergiodamaso.com.br\/index.php\/wp-json\/wp\/v2\/pages\/617\/revisions\/818"}],"wp:attachment":[{"href":"https:\/\/sergiodamaso.com.br\/index.php\/wp-json\/wp\/v2\/media?parent=617"}],"curies":[{"name":"wp","href":"https:\/\/api.w.org\/{rel}","templated":true}]}}