{"id":608,"date":"2024-02-29T11:09:38","date_gmt":"2024-02-29T14:09:38","guid":{"rendered":"https:\/\/sergiodamaso.com.br\/?page_id=608"},"modified":"2024-03-17T01:13:04","modified_gmt":"2024-03-17T04:13:04","slug":"voce-me-atualiza","status":"publish","type":"page","link":"https:\/\/sergiodamaso.com.br\/index.php\/voce-me-atualiza\/","title":{"rendered":"VOC\u00ca ME ATUALIZA"},"content":{"rendered":"\n<figure class=\"wp-block-audio\"><audio controls src=\"https:\/\/sergiodamaso.com.br\/wp-content\/uploads\/2024\/02\/Voce-me-atualiza.mp3\"><\/audio><\/figure>\n\n\n\n<p><strong><em>Mongol &amp; S\u00e9rgio D\u00e2maso<\/em><\/strong><\/p>\n\n\n\n<p>Voc\u00ea me faz bem<\/p>\n\n\n\n<p>voc\u00ea me faz bem meu bem<\/p>\n\n\n\n<p>voc\u00ea me faz mudar<\/p>\n\n\n\n<p>voc\u00ea me alisa me atualiza<\/p>\n\n\n\n<p>voc\u00ea traz emo\u00e7\u00e3o e paix\u00e3o e paix\u00e3o.<\/p>\n\n\n\n<p>Seu jeito de mulher<\/p>\n\n\n\n<p>cada dia cada noite<\/p>\n\n\n\n<p>cada palavra cada beijo seu<\/p>\n\n\n\n<p>me torna outro homem<\/p>\n\n\n\n<p>eu sou mais eu eu sou mais eu<\/p>\n\n\n\n<p>cada beijo cada palavra me torna outro homem seu.<\/p>\n\n\n\n<p>S\u00f3 pra voc\u00ea pra mais ningu\u00e9m<\/p>\n\n\n\n<p>s\u00f3 pra voc\u00ea nunca esquecer<\/p>\n\n\n\n<p>que eu s\u00f3 darei pra voc\u00ea<\/p>\n\n\n\n<p>o que tanto tanto voc\u00ea quis<\/p>\n\n\n\n<p>o que tanto voc\u00ea quer querer\u00e1 mulher.<\/p>\n\n\n\n<p>Paz abra\u00e7ando seu cora\u00e7\u00e3o<\/p>\n\n\n\n<p>como a nuvem branca no c\u00e9u<\/p>\n\n\n\n<p>azul como o mar<\/p>\n\n\n\n<p>eu dentro de voc\u00ea<\/p>\n\n\n\n<p>abelha no mel eu dentro de voc\u00ea<\/p>\n\n\n\n<p>abelha no mel s\u00f3 te farei bem.<\/p>\n","protected":false},"excerpt":{"rendered":"<p>Mongol &amp; S\u00e9rgio D\u00e2maso Voc\u00ea me faz bem voc\u00ea me faz bem meu bem voc\u00ea me faz mudar voc\u00ea me alisa me atualiza voc\u00ea traz emo\u00e7\u00e3o e paix\u00e3o e paix\u00e3o. Seu jeito de mulher cada dia cada noite cada palavra cada beijo seu me torna outro homem eu sou mais eu eu sou mais eu [&hellip;]<\/p>\n","protected":false},"author":1,"featured_media":0,"parent":0,"menu_order":0,"comment_status":"closed","ping_status":"closed","template":"","meta":[],"_links":{"self":[{"href":"https:\/\/sergiodamaso.com.br\/index.php\/wp-json\/wp\/v2\/pages\/608"}],"collection":[{"href":"https:\/\/sergiodamaso.com.br\/index.php\/wp-json\/wp\/v2\/pages"}],"about":[{"href":"https:\/\/sergiodamaso.com.br\/index.php\/wp-json\/wp\/v2\/types\/page"}],"author":[{"embeddable":true,"href":"https:\/\/sergiodamaso.com.br\/index.php\/wp-json\/wp\/v2\/users\/1"}],"replies":[{"embeddable":true,"href":"https:\/\/sergiodamaso.com.br\/index.php\/wp-json\/wp\/v2\/comments?post=608"}],"version-history":[{"count":2,"href":"https:\/\/sergiodamaso.com.br\/index.php\/wp-json\/wp\/v2\/pages\/608\/revisions"}],"predecessor-version":[{"id":988,"href":"https:\/\/sergiodamaso.com.br\/index.php\/wp-json\/wp\/v2\/pages\/608\/revisions\/988"}],"wp:attachment":[{"href":"https:\/\/sergiodamaso.com.br\/index.php\/wp-json\/wp\/v2\/media?parent=608"}],"curies":[{"name":"wp","href":"https:\/\/api.w.org\/{rel}","templated":true}]}}