{"id":593,"date":"2024-02-29T10:52:44","date_gmt":"2024-02-29T13:52:44","guid":{"rendered":"https:\/\/sergiodamaso.com.br\/?page_id=593"},"modified":"2024-03-17T01:11:06","modified_gmt":"2024-03-17T04:11:06","slug":"vem-devagar","status":"publish","type":"page","link":"https:\/\/sergiodamaso.com.br\/index.php\/vem-devagar\/","title":{"rendered":"VEM DEVAGAR"},"content":{"rendered":"\n<figure class=\"wp-block-audio\"><audio controls src=\"https:\/\/sergiodamaso.com.br\/wp-content\/uploads\/2024\/02\/vem-devagar-.mp3\"><\/audio><\/figure>\n\n\n\n<p><strong><em>Mongol &amp; S\u00e9rgio D\u00e2maso<\/em><\/strong><\/p>\n\n\n\n<p>Vem devagar que eu n\u00e3o estou com pressa<\/p>\n\n\n\n<p>de te pegar t\u00e3o depressa meu bem<\/p>\n\n\n\n<p>voc\u00ea merece um amor reluzente que te penetre<\/p>\n\n\n\n<p>lenta e suavemente com mil car\u00edcias fazendo c\u00f3cegas.<\/p>\n\n\n\n<p>Em teu cora\u00e7\u00e3o eletrizando teu corpo<\/p>\n\n\n\n<p>exalando por teu suor uma coisa t\u00e3o gostosa<\/p>\n\n\n\n<p>deliciosa excitante que jamais esquecer\u00e1<\/p>\n\n\n\n<p>meu sabor meu calor minha cor.<\/p>\n\n\n\n<p>Eu sei voc\u00ea tamb\u00e9m sabe<\/p>\n\n\n\n<p>quanto n\u00f3s somos queremos bem<\/p>\n\n\n\n<p>ningu\u00e9m pode apagar<\/p>\n\n\n\n<p>essa nossa paix\u00e3o esse nosso tes\u00e3o<\/p>\n\n\n\n<p>vestidos despidos cal\u00e7ados descal\u00e7os.<\/p>\n\n\n\n<p>Como \u00e9 bom quando voc\u00ea chega<\/p>\n\n\n\n<p>na sala ou no corredor e do nada<\/p>\n\n\n\n<p>a gente faz amor<\/p>\n\n\n\n<p>nossas vidas nunca divididas.<\/p>\n\n\n\n<p>Eles mentem dizendo que a gente n\u00e3o \u00e9 feliz<\/p>\n\n\n\n<p>eles mentem dizendo que a gente n\u00e3o \u00e9 feliz.<\/p>\n","protected":false},"excerpt":{"rendered":"<p>Mongol &amp; S\u00e9rgio D\u00e2maso Vem devagar que eu n\u00e3o estou com pressa de te pegar t\u00e3o depressa meu bem voc\u00ea merece um amor reluzente que te penetre lenta e suavemente com mil car\u00edcias fazendo c\u00f3cegas. Em teu cora\u00e7\u00e3o eletrizando teu corpo exalando por teu suor uma coisa t\u00e3o gostosa deliciosa excitante que jamais esquecer\u00e1 meu [&hellip;]<\/p>\n","protected":false},"author":1,"featured_media":0,"parent":0,"menu_order":0,"comment_status":"closed","ping_status":"closed","template":"","meta":[],"_links":{"self":[{"href":"https:\/\/sergiodamaso.com.br\/index.php\/wp-json\/wp\/v2\/pages\/593"}],"collection":[{"href":"https:\/\/sergiodamaso.com.br\/index.php\/wp-json\/wp\/v2\/pages"}],"about":[{"href":"https:\/\/sergiodamaso.com.br\/index.php\/wp-json\/wp\/v2\/types\/page"}],"author":[{"embeddable":true,"href":"https:\/\/sergiodamaso.com.br\/index.php\/wp-json\/wp\/v2\/users\/1"}],"replies":[{"embeddable":true,"href":"https:\/\/sergiodamaso.com.br\/index.php\/wp-json\/wp\/v2\/comments?post=593"}],"version-history":[{"count":2,"href":"https:\/\/sergiodamaso.com.br\/index.php\/wp-json\/wp\/v2\/pages\/593\/revisions"}],"predecessor-version":[{"id":986,"href":"https:\/\/sergiodamaso.com.br\/index.php\/wp-json\/wp\/v2\/pages\/593\/revisions\/986"}],"wp:attachment":[{"href":"https:\/\/sergiodamaso.com.br\/index.php\/wp-json\/wp\/v2\/media?parent=593"}],"curies":[{"name":"wp","href":"https:\/\/api.w.org\/{rel}","templated":true}]}}