{"id":590,"date":"2024-02-29T10:47:19","date_gmt":"2024-02-29T13:47:19","guid":{"rendered":"https:\/\/sergiodamaso.com.br\/?page_id=590"},"modified":"2024-03-17T01:10:30","modified_gmt":"2024-03-17T04:10:30","slug":"vai-a-noite-vem-o-dia","status":"publish","type":"page","link":"https:\/\/sergiodamaso.com.br\/index.php\/vai-a-noite-vem-o-dia\/","title":{"rendered":"VAI A NOITE VEM O DIA"},"content":{"rendered":"\n<figure class=\"wp-block-audio\"><audio controls src=\"https:\/\/sergiodamaso.com.br\/wp-content\/uploads\/2024\/02\/Vai-a-noite-vem-o-dia.mp3\"><\/audio><\/figure>\n\n\n\n<p><strong><em>Mongol &amp; S\u00e9rgio D\u00e2maso<\/em><\/strong><\/p>\n\n\n\n<p>Vai noite vem o dia<\/p>\n\n\n\n<p>e eu pergunto por voc\u00ea<\/p>\n\n\n\n<p>onde est\u00e1 o meu amor<\/p>\n\n\n\n<p>meu bem meu bem meu bem querer.<\/p>\n\n\n\n<p>N\u00e3o demora vem pra mim<\/p>\n\n\n\n<p>que eu estou a te esperar<\/p>\n\n\n\n<p>pra te amar pra te beijar<\/p>\n\n\n\n<p>meu bem meu bem pra te abra\u00e7ar.<\/p>\n\n\n\n<p>Pode tudo acontecer<\/p>\n\n\n\n<p>vir a lua o sol raiar<\/p>\n\n\n\n<p>que estarei aqui eu estarei<\/p>\n\n\n\n<p>eu nasci pra te esperar.<\/p>\n\n\n\n<p>Voc\u00ea \u00e9 a minha alma<\/p>\n\n\n\n<p>voc\u00ea \u00e9 tudo pra mim<\/p>\n\n\n\n<p>\u00e9 a brisa que me acalma<\/p>\n\n\n\n<p>\u00e9 luz do meu jardim.<\/p>\n\n\n\n<p>N\u00e3o demora vem pra mim<\/p>\n\n\n\n<p>que estou a te esperar<\/p>\n\n\n\n<p>pra te amar pra te beijar<\/p>\n\n\n\n<p>meu bem meu bem pra te abra\u00e7ar.<\/p>\n","protected":false},"excerpt":{"rendered":"<p>Mongol &amp; S\u00e9rgio D\u00e2maso Vai noite vem o dia e eu pergunto por voc\u00ea onde est\u00e1 o meu amor meu bem meu bem meu bem querer. N\u00e3o demora vem pra mim que eu estou a te esperar pra te amar pra te beijar meu bem meu bem pra te abra\u00e7ar. Pode tudo acontecer vir a [&hellip;]<\/p>\n","protected":false},"author":1,"featured_media":0,"parent":0,"menu_order":0,"comment_status":"closed","ping_status":"closed","template":"","meta":[],"_links":{"self":[{"href":"https:\/\/sergiodamaso.com.br\/index.php\/wp-json\/wp\/v2\/pages\/590"}],"collection":[{"href":"https:\/\/sergiodamaso.com.br\/index.php\/wp-json\/wp\/v2\/pages"}],"about":[{"href":"https:\/\/sergiodamaso.com.br\/index.php\/wp-json\/wp\/v2\/types\/page"}],"author":[{"embeddable":true,"href":"https:\/\/sergiodamaso.com.br\/index.php\/wp-json\/wp\/v2\/users\/1"}],"replies":[{"embeddable":true,"href":"https:\/\/sergiodamaso.com.br\/index.php\/wp-json\/wp\/v2\/comments?post=590"}],"version-history":[{"count":2,"href":"https:\/\/sergiodamaso.com.br\/index.php\/wp-json\/wp\/v2\/pages\/590\/revisions"}],"predecessor-version":[{"id":985,"href":"https:\/\/sergiodamaso.com.br\/index.php\/wp-json\/wp\/v2\/pages\/590\/revisions\/985"}],"wp:attachment":[{"href":"https:\/\/sergiodamaso.com.br\/index.php\/wp-json\/wp\/v2\/media?parent=590"}],"curies":[{"name":"wp","href":"https:\/\/api.w.org\/{rel}","templated":true}]}}