{"id":584,"date":"2024-02-29T10:42:22","date_gmt":"2024-02-29T13:42:22","guid":{"rendered":"https:\/\/sergiodamaso.com.br\/?page_id=584"},"modified":"2024-03-17T01:09:05","modified_gmt":"2024-03-17T04:09:05","slug":"um-minuto","status":"publish","type":"page","link":"https:\/\/sergiodamaso.com.br\/index.php\/um-minuto\/","title":{"rendered":"UM MINUTO"},"content":{"rendered":"\n<figure class=\"wp-block-audio\"><audio controls src=\"https:\/\/sergiodamaso.com.br\/wp-content\/uploads\/2024\/02\/Um-minuto.mp3\"><\/audio><\/figure>\n\n\n\n<p><strong><em>Mongol &amp; S\u00e9rgio D\u00e2maso<\/em><\/strong><\/p>\n\n\n\n<p>Um minuto num segundo<\/p>\n\n\n\n<p>voc\u00ea perdeu meu beijo quente<\/p>\n\n\n\n<p>que queimou na tua boca<\/p>\n\n\n\n<p>derretendo o teu batom vermelho indecente.<\/p>\n\n\n\n<p>Fogo paix\u00e3o e emo\u00e7\u00e3o<\/p>\n\n\n\n<p>querendo sair e eu voltando<\/p>\n\n\n\n<p>tua boca amarga adocicando<\/p>\n\n\n\n<p>pensando em mim doce pensando.<\/p>\n\n\n\n<p>Como n\u00f3 de marinheiro<\/p>\n\n\n\n<p>para jogar no mar a rede<\/p>\n\n\n\n<p>do amor no fundo do mar<\/p>\n\n\n\n<p>pra n\u00e3o morrer de sede de amar.<\/p>\n\n\n\n<p>N\u00e3o tenha medo<\/p>\n\n\n\n<p>do c\u00e9u nem do mar<\/p>\n\n\n\n<p>minha rede transada<\/p>\n\n\n\n<p>s\u00f3 quer voc\u00ea nela<\/p>\n\n\n\n<p>s\u00f3 quer voc\u00ea minha amada.<\/p>\n","protected":false},"excerpt":{"rendered":"<p>Mongol &amp; S\u00e9rgio D\u00e2maso Um minuto num segundo voc\u00ea perdeu meu beijo quente que queimou na tua boca derretendo o teu batom vermelho indecente. Fogo paix\u00e3o e emo\u00e7\u00e3o querendo sair e eu voltando tua boca amarga adocicando pensando em mim doce pensando. Como n\u00f3 de marinheiro para jogar no mar a rede do amor no [&hellip;]<\/p>\n","protected":false},"author":1,"featured_media":0,"parent":0,"menu_order":0,"comment_status":"closed","ping_status":"closed","template":"","meta":[],"_links":{"self":[{"href":"https:\/\/sergiodamaso.com.br\/index.php\/wp-json\/wp\/v2\/pages\/584"}],"collection":[{"href":"https:\/\/sergiodamaso.com.br\/index.php\/wp-json\/wp\/v2\/pages"}],"about":[{"href":"https:\/\/sergiodamaso.com.br\/index.php\/wp-json\/wp\/v2\/types\/page"}],"author":[{"embeddable":true,"href":"https:\/\/sergiodamaso.com.br\/index.php\/wp-json\/wp\/v2\/users\/1"}],"replies":[{"embeddable":true,"href":"https:\/\/sergiodamaso.com.br\/index.php\/wp-json\/wp\/v2\/comments?post=584"}],"version-history":[{"count":2,"href":"https:\/\/sergiodamaso.com.br\/index.php\/wp-json\/wp\/v2\/pages\/584\/revisions"}],"predecessor-version":[{"id":983,"href":"https:\/\/sergiodamaso.com.br\/index.php\/wp-json\/wp\/v2\/pages\/584\/revisions\/983"}],"wp:attachment":[{"href":"https:\/\/sergiodamaso.com.br\/index.php\/wp-json\/wp\/v2\/media?parent=584"}],"curies":[{"name":"wp","href":"https:\/\/api.w.org\/{rel}","templated":true}]}}