{"id":581,"date":"2024-02-29T10:38:27","date_gmt":"2024-02-29T13:38:27","guid":{"rendered":"https:\/\/sergiodamaso.com.br\/?page_id=581"},"modified":"2024-03-17T01:08:16","modified_gmt":"2024-03-17T04:08:16","slug":"um-dia-quente","status":"publish","type":"page","link":"https:\/\/sergiodamaso.com.br\/index.php\/um-dia-quente\/","title":{"rendered":"UM DIA QUENTE"},"content":{"rendered":"\n<figure class=\"wp-block-audio\"><audio controls src=\"https:\/\/sergiodamaso.com.br\/wp-content\/uploads\/2024\/03\/Um-dia-quente.mp3\"><\/audio><\/figure>\n\n\n\n<p><strong><em>Mongol &amp; S\u00e9rgio D\u00e2maso<\/em><\/strong><\/p>\n\n\n\n<p>N\u00e3o despreze o sol<\/p>\n\n\n\n<p>o dia dever\u00e1 estar quente<\/p>\n\n\n\n<p>n\u00e3o despreze a lua<\/p>\n\n\n\n<p>a noite promete c\u00e9u aberto.<\/p>\n\n\n\n<p>Amanh\u00e3 quem sabe o vento<\/p>\n\n\n\n<p>soprar\u00e1 teus cabelos perdidos<\/p>\n\n\n\n<p>acredite poder\u00e1 at\u00e9 chover<\/p>\n\n\n\n<p>e molhar o meu cora\u00e7\u00e3o.<\/p>\n\n\n\n<p>Se nada disso acontecer<\/p>\n\n\n\n<p>eu poderei aparecer assim<\/p>\n\n\n\n<p>para aliviar tuas vontades<\/p>\n\n\n\n<p>e matar tua saudade<\/p>\n\n\n\n<p>e a saudade que existe em mim.<\/p>\n\n\n\n<p>A dor mais do\u00edda \u00e9 aquela<\/p>\n\n\n\n<p>de quem n\u00e3o acredita<\/p>\n\n\n\n<p>e despreza qualquer um<\/p>\n\n\n\n<p>que toca l\u00e1 no fundo.<\/p>\n\n\n\n<p>N\u00e3o seja t\u00e3o pequena<\/p>\n\n\n\n<p>nesse t\u00e3o grande universo<\/p>\n\n\n\n<p>que implode o amor<\/p>\n\n\n\n<p>de quem te ama.<\/p>\n","protected":false},"excerpt":{"rendered":"<p>Mongol &amp; S\u00e9rgio D\u00e2maso N\u00e3o despreze o sol o dia dever\u00e1 estar quente n\u00e3o despreze a lua a noite promete c\u00e9u aberto. Amanh\u00e3 quem sabe o vento soprar\u00e1 teus cabelos perdidos acredite poder\u00e1 at\u00e9 chover e molhar o meu cora\u00e7\u00e3o. Se nada disso acontecer eu poderei aparecer assim para aliviar tuas vontades e matar tua [&hellip;]<\/p>\n","protected":false},"author":1,"featured_media":0,"parent":0,"menu_order":0,"comment_status":"closed","ping_status":"closed","template":"","meta":[],"_links":{"self":[{"href":"https:\/\/sergiodamaso.com.br\/index.php\/wp-json\/wp\/v2\/pages\/581"}],"collection":[{"href":"https:\/\/sergiodamaso.com.br\/index.php\/wp-json\/wp\/v2\/pages"}],"about":[{"href":"https:\/\/sergiodamaso.com.br\/index.php\/wp-json\/wp\/v2\/types\/page"}],"author":[{"embeddable":true,"href":"https:\/\/sergiodamaso.com.br\/index.php\/wp-json\/wp\/v2\/users\/1"}],"replies":[{"embeddable":true,"href":"https:\/\/sergiodamaso.com.br\/index.php\/wp-json\/wp\/v2\/comments?post=581"}],"version-history":[{"count":3,"href":"https:\/\/sergiodamaso.com.br\/index.php\/wp-json\/wp\/v2\/pages\/581\/revisions"}],"predecessor-version":[{"id":982,"href":"https:\/\/sergiodamaso.com.br\/index.php\/wp-json\/wp\/v2\/pages\/581\/revisions\/982"}],"wp:attachment":[{"href":"https:\/\/sergiodamaso.com.br\/index.php\/wp-json\/wp\/v2\/media?parent=581"}],"curies":[{"name":"wp","href":"https:\/\/api.w.org\/{rel}","templated":true}]}}